{"id":2224,"date":"2024-05-05T11:23:13","date_gmt":"2024-05-05T09:23:13","guid":{"rendered":"https:\/\/xn--pferdundpftchen-itb.de\/woocommerce\/?post_type=product&#038;p=2224"},"modified":"2025-02-09T19:18:20","modified_gmt":"2025-02-09T18:18:20","slug":"huehnerleber","status":"publish","type":"product","link":"https:\/\/xn--pferdundpftchen-itb.de\/woocommerce\/produkt\/huehnerleber\/","title":{"rendered":"H\u00fchnerleber"},"content":{"rendered":"<p><strong>SANA Dog getrocknete H\u00fchnerleber \u2013 Nat\u00fcrlicher Snack voller wertvoller N\u00e4hrstoffe!<\/strong><\/p>\n<p>Die <strong>SANA Dog H\u00fchnerleber<\/strong> ist ein besonders gesunder und schmackhafter Snack f\u00fcr Hunde, der gleichzeitig wichtige N\u00e4hrstoffe liefert. H\u00fchnerleber ist reich an <strong>Eisen und B-Vitaminen<\/strong>, die eine <strong>gesunde Blutbildung<\/strong> und einen <strong>aktiven Stoffwechsel<\/strong> unterst\u00fctzen. Zus\u00e4tzlich enth\u00e4lt sie einen hohen Gehalt an <strong>Vitamin A<\/strong>, bekannt als Anti-Aging-Vitamin, das freie Radikale bek\u00e4mpft und die Zellgesundheit f\u00f6rdert.<\/p>\n<p>Ein weiterer wertvoller Inhaltsstoff ist <strong>Biotin<\/strong>, das die <strong>Haut- und Fellgesundheit<\/strong> deines Hundes st\u00e4rkt und f\u00fcr ein gl\u00e4nzendes Fell sorgt. Die H\u00fchnerleber unterst\u00fctzt au\u00dferdem die <strong>Sehfunktion<\/strong>, das <strong>Knorpelgewebe<\/strong> und die <strong>Hautgesundheit<\/strong> \u2013 ein echter Allrounder f\u00fcr das Wohlbefinden deines Hundes.<\/p>\n<p>Unsere getrocknete H\u00fchnerleber wird <strong>ohne jegliche Zus\u00e4tze<\/strong> wie Zucker, Mais, Weizen, Soja, Farbstoffe, Konservierungsstoffe, Fleischmehle oder andere F\u00fcllstoffe in einer kleinen Manufaktur hergestellt. Sie wird dabei <strong>schonend luftgetrocknet<\/strong>, um die wertvollen Inhaltsstoffe zu erhalten und den nat\u00fcrlichen Geschmack zu bewahren.<\/p>\n<p>Die Rohware stammt aus <strong>lokaler und nachhaltiger Herkunft<\/strong> und ist <strong>zu 100 % r\u00fcckverfolgbar<\/strong>. Durch den schonenden Herstellungsprozess bleibt die Qualit\u00e4t der H\u00fchnerleber erhalten und sorgt f\u00fcr eine optimale N\u00e4hrstoffversorgung deines Vierbeiners.<\/p>\n<p>Die <strong>SANA Dog H\u00fchnerleber<\/strong> wird in einem <strong>praktischen, wiederverschlie\u00dfbaren Beutel<\/strong> geliefert, um die Frische zu bewahren und die Lagerung zu erleichtern. Bitte k\u00fchl und trocken lagern und vor direkter Sonneneinstrahlung sch\u00fctzen.<\/p>\n<p><strong>SANA Dog H\u00fchnerleber<\/strong> \u2013 der n\u00e4hrstoffreiche Snack, den dein Hund lieben wird!<\/p>\n<p>Zusammensetzung: 100% H\u00fchnerleber<\/p>\n<p>F\u00fctterungsempfehlung: Als Belohnung oder Snack zwischen den Mahlzeiten. Reduzierung der Futtermenge nach Bedarf. Immer frisches und sauberes Trinkwasser bereitstellen. K\u00fchl und trocken lagern. Nicht f\u00fcr Hunde unter 3 Monaten geeignet.<\/p>\n<p>Inhalt: 250g<\/p>\n","protected":false},"excerpt":{"rendered":"<p>SANA Dog getrocknete H\u00fchnerleber \u2013 Nat\u00fcrlicher Snack voller wertvoller N\u00e4hrstoffe! Die SANA Dog H\u00fchnerleber ist ein besonders gesunder und schmackhafter Snack f\u00fcr Hunde, der gleichzeitig wichtige N\u00e4hrstoffe liefert. H\u00fchnerleber ist reich an Eisen und B-Vitaminen, die eine gesunde Blutbildung und einen aktiven Stoffwechsel unterst\u00fctzen. Zus\u00e4tzlich enth\u00e4lt sie einen hohen Gehalt an Vitamin A, bekannt als [&hellip;]<\/p>\n","protected":false},"featured_media":2225,"comment_status":"open","ping_status":"closed","template":"","meta":[],"product_brand":[],"product_cat":[20,68],"product_tag":[],"class_list":{"0":"post-2224","1":"product","2":"type-product","3":"status-publish","4":"has-post-thumbnail","6":"product_cat-hund","7":"product_cat-leckerlies-snacks-hund","9":"first","10":"instock","11":"taxable","12":"shipping-taxable","13":"purchasable","14":"product-type-simple"},"jetpack_sharing_enabled":true,"_links":{"self":[{"href":"https:\/\/xn--pferdundpftchen-itb.de\/woocommerce\/wp-json\/wp\/v2\/product\/2224","targetHints":{"allow":["GET"]}}],"collection":[{"href":"https:\/\/xn--pferdundpftchen-itb.de\/woocommerce\/wp-json\/wp\/v2\/product"}],"about":[{"href":"https:\/\/xn--pferdundpftchen-itb.de\/woocommerce\/wp-json\/wp\/v2\/types\/product"}],"replies":[{"embeddable":true,"href":"https:\/\/xn--pferdundpftchen-itb.de\/woocommerce\/wp-json\/wp\/v2\/comments?post=2224"}],"wp:featuredmedia":[{"embeddable":true,"href":"https:\/\/xn--pferdundpftchen-itb.de\/woocommerce\/wp-json\/wp\/v2\/media\/2225"}],"wp:attachment":[{"href":"https:\/\/xn--pferdundpftchen-itb.de\/woocommerce\/wp-json\/wp\/v2\/media?parent=2224"}],"wp:term":[{"taxonomy":"product_brand","embeddable":true,"href":"https:\/\/xn--pferdundpftchen-itb.de\/woocommerce\/wp-json\/wp\/v2\/product_brand?post=2224"},{"taxonomy":"product_cat","embeddable":true,"href":"https:\/\/xn--pferdundpftchen-itb.de\/woocommerce\/wp-json\/wp\/v2\/product_cat?post=2224"},{"taxonomy":"product_tag","embeddable":true,"href":"https:\/\/xn--pferdundpftchen-itb.de\/woocommerce\/wp-json\/wp\/v2\/product_tag?post=2224"}],"curies":[{"name":"wp","href":"https:\/\/api.w.org\/{rel}","templated":true}]}}