{"id":2227,"date":"2024-05-05T11:26:28","date_gmt":"2024-05-05T09:26:28","guid":{"rendered":"https:\/\/xn--pferdundpftchen-itb.de\/woocommerce\/?post_type=product&#038;p=2227"},"modified":"2025-02-09T19:19:41","modified_gmt":"2025-02-09T18:19:41","slug":"rindernackensehne","status":"publish","type":"product","link":"https:\/\/xn--pferdundpftchen-itb.de\/woocommerce\/produkt\/rindernackensehne\/","title":{"rendered":"Rindernackensehne"},"content":{"rendered":"<p><strong>SANA Dog getrocknete Rindersehnen \u2013 Langer Kauspa\u00df f\u00fcr gesunde Z\u00e4hne und ein starkes Gebiss!<\/strong><\/p>\n<p>Die <strong>SANA Dog Rindersehnen<\/strong> sind der ideale Hundesnack f\u00fcr alle, die ihrem Vierbeiner nicht nur einen langanhaltenden Kauspa\u00df bieten m\u00f6chten, sondern auch aktiv zur Zahnpflege und Gebissst\u00e4rkung beitragen wollen. Dank ihrer <strong>harten Konsistenz<\/strong> sorgen die Rindersehnen f\u00fcr eine intensive Kauaktivit\u00e4t, die das Gebiss st\u00e4rkt und die <strong>Kaumuskulatur trainiert<\/strong>.<\/p>\n<p>Zus\u00e4tzlich unterst\u00fctzen die Rindersehnen die <strong>Zahnreinigung<\/strong>, da durch das Kauen Plaque entfernt und Zahnstein vorgebeugt wird. Die enthaltenen <strong>kollagenen Eiwei\u00dfe<\/strong> f\u00f6rdern die Gesundheit von <strong>Haut und Fell<\/strong> und tragen zur Geschmeidigkeit und St\u00e4rke der Fellstruktur bei.<\/p>\n<p>Mit ihrem <strong>sehr geringen Fettanteil<\/strong> eignen sich die Rindersehnen auch hervorragend f\u00fcr <strong>\u00fcbergewichtige Hunde<\/strong>, die einen kalorienarmen und dennoch intensiven Kaugenuss erleben m\u00f6chten.<\/p>\n<p>Unsere <strong>Rindersehnen<\/strong> werden <strong>ohne jegliche Zus\u00e4tze<\/strong> wie Zucker, Mais, Weizen, Soja, Farbstoffe, Konservierungsstoffe, Fleischmehle oder andere F\u00fcllstoffe hergestellt. Sie werden in einer kleinen Manufaktur <strong>schonend luftgetrocknet<\/strong>, um die wertvollen Inhaltsstoffe und den nat\u00fcrlichen Geschmack zu erhalten.<\/p>\n<p>Die Rohware wird <strong>nachhaltig und lokal bezogen<\/strong> und ist <strong>zu 100 % r\u00fcckverfolgbar<\/strong>. Durch den schonenden Herstellungsprozess bleiben die nat\u00fcrlichen N\u00e4hrstoffe in den Rindersehnen erhalten, um deinen Hund lange <strong>gesund und vital<\/strong> zu halten.<\/p>\n<p>Die <strong>SANA Dog Rindersehnen<\/strong> werden in einem <strong>praktischen, wiederverschlie\u00dfbaren Beutel<\/strong> geliefert, um die Frische zu bewahren und eine einfache Lagerung zu erm\u00f6glichen. Bitte k\u00fchl und trocken lagern und vor direkter Sonneneinstrahlung sch\u00fctzen.<\/p>\n<p><strong>SANA Dog Rindersehnen<\/strong> \u2013 der langanhaltende Kaugenuss, der Z\u00e4hne pflegt und f\u00fcr Vitalit\u00e4t sorgt!<\/p>\n<p>Zusammensetzung: 100% Rindernackensehne<\/p>\n<p>F\u00fctterungsempfehlung: Als Belohnung oder Snack zwischen den Mahlzeiten. Reduzierung der Futtermenge nach Bedarf. Immer frisches und sauberes Trinkwasser bereitstellen. K\u00fchl und trocken lagern. Nicht f\u00fcr Hunde unter 3 Monaten geeignet.<\/p>\n<p>Inhalt:<\/p>\n","protected":false},"excerpt":{"rendered":"<p>SANA Dog getrocknete Rindersehnen \u2013 Langer Kauspa\u00df f\u00fcr gesunde Z\u00e4hne und ein starkes Gebiss! Die SANA Dog Rindersehnen sind der ideale Hundesnack f\u00fcr alle, die ihrem Vierbeiner nicht nur einen langanhaltenden Kauspa\u00df bieten m\u00f6chten, sondern auch aktiv zur Zahnpflege und Gebissst\u00e4rkung beitragen wollen. Dank ihrer harten Konsistenz sorgen die Rindersehnen f\u00fcr eine intensive Kauaktivit\u00e4t, die [&hellip;]<\/p>\n","protected":false},"featured_media":2228,"comment_status":"open","ping_status":"closed","template":"","meta":[],"product_brand":[],"product_cat":[20,68,30],"product_tag":[],"class_list":{"0":"post-2227","1":"product","2":"type-product","3":"status-publish","4":"has-post-thumbnail","6":"product_cat-hund","7":"product_cat-leckerlies-snacks-hund","8":"product_cat-zaehne-maul","10":"first","11":"instock","12":"taxable","13":"shipping-taxable","14":"purchasable","15":"product-type-simple"},"jetpack_sharing_enabled":true,"_links":{"self":[{"href":"https:\/\/xn--pferdundpftchen-itb.de\/woocommerce\/wp-json\/wp\/v2\/product\/2227","targetHints":{"allow":["GET"]}}],"collection":[{"href":"https:\/\/xn--pferdundpftchen-itb.de\/woocommerce\/wp-json\/wp\/v2\/product"}],"about":[{"href":"https:\/\/xn--pferdundpftchen-itb.de\/woocommerce\/wp-json\/wp\/v2\/types\/product"}],"replies":[{"embeddable":true,"href":"https:\/\/xn--pferdundpftchen-itb.de\/woocommerce\/wp-json\/wp\/v2\/comments?post=2227"}],"wp:featuredmedia":[{"embeddable":true,"href":"https:\/\/xn--pferdundpftchen-itb.de\/woocommerce\/wp-json\/wp\/v2\/media\/2228"}],"wp:attachment":[{"href":"https:\/\/xn--pferdundpftchen-itb.de\/woocommerce\/wp-json\/wp\/v2\/media?parent=2227"}],"wp:term":[{"taxonomy":"product_brand","embeddable":true,"href":"https:\/\/xn--pferdundpftchen-itb.de\/woocommerce\/wp-json\/wp\/v2\/product_brand?post=2227"},{"taxonomy":"product_cat","embeddable":true,"href":"https:\/\/xn--pferdundpftchen-itb.de\/woocommerce\/wp-json\/wp\/v2\/product_cat?post=2227"},{"taxonomy":"product_tag","embeddable":true,"href":"https:\/\/xn--pferdundpftchen-itb.de\/woocommerce\/wp-json\/wp\/v2\/product_tag?post=2227"}],"curies":[{"name":"wp","href":"https:\/\/api.w.org\/{rel}","templated":true}]}}