{"id":2229,"date":"2024-05-05T11:29:07","date_gmt":"2024-05-05T09:29:07","guid":{"rendered":"https:\/\/xn--pferdundpftchen-itb.de\/woocommerce\/?post_type=product&#038;p=2229"},"modified":"2025-02-09T19:21:05","modified_gmt":"2025-02-09T18:21:05","slug":"haehnchenhaelse","status":"publish","type":"product","link":"https:\/\/xn--pferdundpftchen-itb.de\/woocommerce\/produkt\/haehnchenhaelse\/","title":{"rendered":"H\u00e4hnchenh\u00e4lse"},"content":{"rendered":"<p><strong>SANA Dog getrocknete H\u00e4hnchenh\u00e4lse \u2013 Der leichte und gesunde Kausnack f\u00fcr Hunde jeden Alters!<\/strong><\/p>\n<p>Die <strong>SANA Dog H\u00e4hnchenh\u00e4lse<\/strong> sind der perfekte Kauspa\u00df f\u00fcr alle Hunde, egal ob klein oder gro\u00df, jung oder alt. Mit ihrem <strong>nat\u00fcrlichen Geschmack<\/strong> und der knusprigen Konsistenz bieten sie nicht nur eine willkommene Besch\u00e4ftigung, sondern tragen auch zur Pflege von Gebiss und Zahnfleisch bei.<\/p>\n<p>Unsere H\u00e4hnchenh\u00e4lse werden <strong>ohne jegliche Zus\u00e4tze<\/strong> wie Zucker, Mais, Weizen, Soja, Farbstoffe, Konservierungsstoffe, Fleischmehle oder andere F\u00fcllstoffe in unserer eigenen Manufaktur hergestellt. Durch die <strong>schonende Lufttrocknung<\/strong> bleibt der nat\u00fcrliche Geschmack erhalten, und die wertvollen Inhaltsstoffe werden gesch\u00fctzt. Diese moderne Technologie basiert auf <strong>traditionellen Fleischkonservierungsmethoden<\/strong>, die \u00fcber Jahrhunderte hinweg bew\u00e4hrt sind.<\/p>\n<p>Die sorgf\u00e4ltig ausgew\u00e4hlten Rohstoffe werden <strong>lokal bezogen<\/strong> und sind <strong>zu 100 % r\u00fcckverfolgbar<\/strong>. H\u00e4hnchenh\u00e4lse sind reich an <strong>essentiellen N\u00e4hrstoffen<\/strong> wie hochwertigen Proteinen und nat\u00fcrlichen Mineralien, die zur Unterst\u00fctzung der Gesundheit und Vitalit\u00e4t deines Hundes beitragen.<\/p>\n<p>Durch den <strong>schonenden Herstellungsprozess<\/strong> bleiben die wichtigen N\u00e4hrstoffe vollst\u00e4ndig erhalten, sodass dein Vierbeiner von einem Snack profitiert, der nicht nur lecker, sondern auch gesund ist. Zudem sind die <strong>H\u00e4hnchenh\u00e4lse leicht bek\u00f6mmlich<\/strong> und somit auch ideal f\u00fcr empfindliche Hunde geeignet.<\/p>\n<p>Unsere <strong>SANA Dog H\u00e4hnchenh\u00e4lse<\/strong> werden in einem <strong>praktischen, wiederverschlie\u00dfbaren Beutel<\/strong> geliefert, der die Frische bewahrt und die Lagerung erleichtert. Bitte k\u00fchl und trocken lagern und vor direkter Sonneneinstrahlung sch\u00fctzen.<\/p>\n<p><strong>SANA Dog H\u00e4hnchenh\u00e4lse<\/strong> \u2013 der nat\u00fcrliche Kauspa\u00df f\u00fcr gesunde Z\u00e4hne und ein zufriedenes Hundeleben!<\/p>\n<p>Zusammensetzung: 100% H\u00e4hnchenh\u00e4lse<\/p>\n<p>F\u00fctterungsempfehlung: Als Belohnung oder Snack zwischen den Mahlzeiten. Reduzierung der Futtermenge nach Bedarf. Immer frisches und sauberes Trinkwasser bereitstellen. K\u00fchl und trocken lagern. Nicht f\u00fcr Hunde unter 3 Monaten geeignet.<\/p>\n<p>Inhalt: 500g<\/p>\n","protected":false},"excerpt":{"rendered":"<p>SANA Dog getrocknete H\u00e4hnchenh\u00e4lse \u2013 Der leichte und gesunde Kausnack f\u00fcr Hunde jeden Alters! Die SANA Dog H\u00e4hnchenh\u00e4lse sind der perfekte Kauspa\u00df f\u00fcr alle Hunde, egal ob klein oder gro\u00df, jung oder alt. Mit ihrem nat\u00fcrlichen Geschmack und der knusprigen Konsistenz bieten sie nicht nur eine willkommene Besch\u00e4ftigung, sondern tragen auch zur Pflege von Gebiss [&hellip;]<\/p>\n","protected":false},"featured_media":2298,"comment_status":"open","ping_status":"closed","template":"","meta":[],"product_brand":[],"product_cat":[15],"product_tag":[],"class_list":{"0":"post-2229","1":"product","2":"type-product","3":"status-publish","4":"has-post-thumbnail","6":"product_cat-pferd","8":"first","9":"instock","10":"taxable","11":"shipping-taxable","12":"product-type-simple"},"jetpack_sharing_enabled":true,"_links":{"self":[{"href":"https:\/\/xn--pferdundpftchen-itb.de\/woocommerce\/wp-json\/wp\/v2\/product\/2229","targetHints":{"allow":["GET"]}}],"collection":[{"href":"https:\/\/xn--pferdundpftchen-itb.de\/woocommerce\/wp-json\/wp\/v2\/product"}],"about":[{"href":"https:\/\/xn--pferdundpftchen-itb.de\/woocommerce\/wp-json\/wp\/v2\/types\/product"}],"replies":[{"embeddable":true,"href":"https:\/\/xn--pferdundpftchen-itb.de\/woocommerce\/wp-json\/wp\/v2\/comments?post=2229"}],"wp:featuredmedia":[{"embeddable":true,"href":"https:\/\/xn--pferdundpftchen-itb.de\/woocommerce\/wp-json\/wp\/v2\/media\/2298"}],"wp:attachment":[{"href":"https:\/\/xn--pferdundpftchen-itb.de\/woocommerce\/wp-json\/wp\/v2\/media?parent=2229"}],"wp:term":[{"taxonomy":"product_brand","embeddable":true,"href":"https:\/\/xn--pferdundpftchen-itb.de\/woocommerce\/wp-json\/wp\/v2\/product_brand?post=2229"},{"taxonomy":"product_cat","embeddable":true,"href":"https:\/\/xn--pferdundpftchen-itb.de\/woocommerce\/wp-json\/wp\/v2\/product_cat?post=2229"},{"taxonomy":"product_tag","embeddable":true,"href":"https:\/\/xn--pferdundpftchen-itb.de\/woocommerce\/wp-json\/wp\/v2\/product_tag?post=2229"}],"curies":[{"name":"wp","href":"https:\/\/api.w.org\/{rel}","templated":true}]}}