{"id":2231,"date":"2024-05-05T12:17:31","date_gmt":"2024-05-05T10:17:31","guid":{"rendered":"https:\/\/xn--pferdundpftchen-itb.de\/woocommerce\/?post_type=product&#038;p=2231"},"modified":"2025-02-09T19:23:49","modified_gmt":"2025-02-09T18:23:49","slug":"sanadog-trainingsknoechelchen-verschiedene-sorten","status":"publish","type":"product","link":"https:\/\/xn--pferdundpftchen-itb.de\/woocommerce\/produkt\/sanadog-trainingsknoechelchen-verschiedene-sorten\/","title":{"rendered":"SANADOG Trainingskn\u00f6chelchen (verschiedene Sorten)"},"content":{"rendered":"<p><strong>SANA Dog Trainingskn\u00f6chelchen \u2013 Die perfekte Belohnung f\u00fcr erfolgreiches Training!<\/strong><\/p>\n<p>Die <strong>SANA Dog Trainingskn\u00f6chelchen<\/strong> sind der ideale Snack, um deinen Vierbeiner w\u00e4hrend des Trainings zu motivieren und zu belohnen. Dank ihrer <strong>weichen Konsistenz<\/strong> und dem <strong>unwiderstehlichen Geschmack<\/strong> eignen sie sich perfekt f\u00fcr die t\u00e4gliche Anwendung und unterst\u00fctzen Trainingstechniken, die auf positiver Verst\u00e4rkung basieren. Ob f\u00fcr kleine Fortschritte oder gro\u00dfe Erfolge \u2013 die Trainingskn\u00f6chelchen bieten deinem Hund ein leckeres Feedback f\u00fcr gutes Verhalten.<\/p>\n<p>Gerade beim Training, wo Snacks oft in gr\u00f6\u00dferen Mengen eingesetzt werden, sind <strong>gesunde und hochwertige Zutaten<\/strong> besonders wichtig. Deshalb bestehen die SANA Dog Trainingskn\u00f6chelchen aus <strong>reinem Fleisch<\/strong>, erg\u00e4nzt durch einen Spritzer Glycerin aus Raps\u00f6l. Dieses gesunde Glycerin sorgt nicht nur f\u00fcr die <strong>weiche Textur<\/strong>, sondern bindet auch Wasser, ohne dabei die Qualit\u00e4t zu beeintr\u00e4chtigen.<\/p>\n<p>Unsere Trainingskn\u00f6chelchen werden <strong>ohne jegliche Zus\u00e4tze<\/strong> wie Mais, Weizen, Soja, Farbstoffe, Konservierungsstoffe, Fleischmehle oder andere F\u00fcllstoffe in einer kleinen Manufaktur sorgf\u00e4ltig hergestellt. Durch die <strong>schonende Lufttrocknung<\/strong> bleiben die wertvollen N\u00e4hrstoffe im Fleisch vollst\u00e4ndig erhalten, w\u00e4hrend der Snack seinen nat\u00fcrlichen Geschmack beh\u00e4lt. Diese moderne Technologie basiert auf traditionellen Methoden der Fleischkonservierung, die sich \u00fcber Generationen bew\u00e4hrt haben.<\/p>\n<p>Das verwendete Fleisch wird <strong>lokal bezogen<\/strong> und ist <strong>zu 100 % r\u00fcckverfolgbar<\/strong>. Die hochwertigen Inhaltsstoffe unterst\u00fctzen die <strong>Gesundheit und Vitalit\u00e4t<\/strong> deines Hundes, sodass du mit gutem Gewissen belohnen kannst.<\/p>\n<p>Ein weiterer Vorteil: Die <strong>SANA Dog Trainingskn\u00f6chelchen<\/strong> br\u00f6seln und fetten nicht! Sie lassen sich problemlos in der Hosentasche aufbewahren und sind somit der perfekte Begleiter f\u00fcr Trainingseinheiten in der Natur oder unterwegs.<\/p>\n<p><strong>SANA Dog Trainingskn\u00f6chelchen<\/strong> \u2013 die gesunde, praktische und unwiderstehlich leckere Belohnung f\u00fcr deinen Hund!<\/p>\n<p>Zusammensetzung: 95% Fleisch (je nach Sorte), 5% Glycerin<\/p>\n<p>F\u00fctterungsempfehlung: Als Belohnung oder Snack zwischen den Mahlzeiten. Reduzierung der Futtermenge nach Bedarf. Immer frisches und sauberes Trinkwasser bereitstellen. K\u00fchl und trocken lagern.<\/p>\n","protected":false},"excerpt":{"rendered":"<p>SANA Dog Trainingskn\u00f6chelchen \u2013 Die perfekte Belohnung f\u00fcr erfolgreiches Training! Die SANA Dog Trainingskn\u00f6chelchen sind der ideale Snack, um deinen Vierbeiner w\u00e4hrend des Trainings zu motivieren und zu belohnen. Dank ihrer weichen Konsistenz und dem unwiderstehlichen Geschmack eignen sie sich perfekt f\u00fcr die t\u00e4gliche Anwendung und unterst\u00fctzen Trainingstechniken, die auf positiver Verst\u00e4rkung basieren. Ob f\u00fcr [&hellip;]<\/p>\n","protected":false},"featured_media":2232,"comment_status":"open","ping_status":"closed","template":"","meta":[],"product_brand":[],"product_cat":[20,68],"product_tag":[],"class_list":{"0":"post-2231","1":"product","2":"type-product","3":"status-publish","4":"has-post-thumbnail","6":"product_cat-hund","7":"product_cat-leckerlies-snacks-hund","9":"first","10":"instock","11":"taxable","12":"shipping-taxable","13":"purchasable","14":"product-type-variable"},"jetpack_sharing_enabled":true,"_links":{"self":[{"href":"https:\/\/xn--pferdundpftchen-itb.de\/woocommerce\/wp-json\/wp\/v2\/product\/2231","targetHints":{"allow":["GET"]}}],"collection":[{"href":"https:\/\/xn--pferdundpftchen-itb.de\/woocommerce\/wp-json\/wp\/v2\/product"}],"about":[{"href":"https:\/\/xn--pferdundpftchen-itb.de\/woocommerce\/wp-json\/wp\/v2\/types\/product"}],"replies":[{"embeddable":true,"href":"https:\/\/xn--pferdundpftchen-itb.de\/woocommerce\/wp-json\/wp\/v2\/comments?post=2231"}],"wp:featuredmedia":[{"embeddable":true,"href":"https:\/\/xn--pferdundpftchen-itb.de\/woocommerce\/wp-json\/wp\/v2\/media\/2232"}],"wp:attachment":[{"href":"https:\/\/xn--pferdundpftchen-itb.de\/woocommerce\/wp-json\/wp\/v2\/media?parent=2231"}],"wp:term":[{"taxonomy":"product_brand","embeddable":true,"href":"https:\/\/xn--pferdundpftchen-itb.de\/woocommerce\/wp-json\/wp\/v2\/product_brand?post=2231"},{"taxonomy":"product_cat","embeddable":true,"href":"https:\/\/xn--pferdundpftchen-itb.de\/woocommerce\/wp-json\/wp\/v2\/product_cat?post=2231"},{"taxonomy":"product_tag","embeddable":true,"href":"https:\/\/xn--pferdundpftchen-itb.de\/woocommerce\/wp-json\/wp\/v2\/product_tag?post=2231"}],"curies":[{"name":"wp","href":"https:\/\/api.w.org\/{rel}","templated":true}]}}