{"id":2241,"date":"2024-05-05T12:26:43","date_gmt":"2024-05-05T10:26:43","guid":{"rendered":"https:\/\/xn--pferdundpftchen-itb.de\/woocommerce\/?post_type=product&#038;p=2241"},"modified":"2024-05-05T12:26:44","modified_gmt":"2024-05-05T10:26:44","slug":"nass-menue-rind","status":"publish","type":"product","link":"https:\/\/xn--pferdundpftchen-itb.de\/woocommerce\/produkt\/nass-menue-rind\/","title":{"rendered":"Nass Men\u00fc Rind"},"content":{"rendered":"<p>Saftiges Rindfleisch, n\u00e4hrstoffreiche Innereien, frische Karotten, fruchtige \u00c4pfel und saftige Blaubeeren machen unser Steak Men\u00fc zu einem Gaumenschmaus f\u00fcr Deine Fellnase.<\/p>\n<p>Naturreis ist perfekt f\u00fcr die Energie und das S\u00e4ttigungsgef\u00fchl deines Hundes \u2013 eine Top-Quelle f\u00fcr gute Kohlenhydrate! Komplettiert wird das Men\u00fc durch eine sorgf\u00e4ltige Mischung aus hochwertigen Raps\u00f6l, Hagebutte, Lebertran, Algenkalk und Seealgenmehl.<\/p>\n<p>Unsere SANADOG Nass-Men\u00fcs definieren sich durch eine klare Hingabe zu nat\u00fcrlichen Inhaltsstoffen, und dieser Ansatz setzt uns deutlich von anderen Herstellern von Dosenfutter ab. Wir verzichten konsequent auf k\u00fcnstliche Zus\u00e4tze, Geschmacksverst\u00e4rker und Konservierungsstoffe. Mit den hochwertigen SANADOG Nass-Men\u00fcs entscheidest du dich f\u00fcr eine konsequente Nutzung nat\u00fcrlicher Inhaltsstoffe. <\/p>\n<p>Zusammensetung: 40% Rindfleisch, 6,5% Rinderpansen, 6,5% Rinderleber, 6,5% Rinderherz, 5% gemahlene Rinderknochen, 4,5% Rinderniere, 9,5% Karotten, 7,5% Naturreis, 6% Apfel, 4% Blaubeere, 1,5% Raps\u00f6l, 1% Hagebutte, 0,8% Lebertran, 0,5% Algenkalk, 0,2% Seealgenmehl, <\/p>\n<p>F\u00fctterungsempfehlung: Die Fu\u0308tterungsempfehlung pro Tag betr\u00e4gt ca. 2,5% bis 3% vom K\u00f6rpergewicht. Der individuelle Bedarf kann jedoch durch Aktivit\u00e4t, Alter oder Rasse von den unten berechneten Werten abweichen.<\/p>\n<p>Folgende Werte dienen zur Orientierung:<br \/>\n5 kg K\u00f6rpergewicht: ca. 125 &#8211; 150 g<br \/>\n10 kg K\u00f6rpergewicht: ca. 250 &#8211; 300 g<br \/>\n20 kg K\u00f6rpergewicht: ca. 500 &#8211; 600 g<br \/>\n30 kg K\u00f6rpergewicht: ca. 750 &#8211; 900 g<br \/>\n40 kg K\u00f6rpergewicht: ca. 1000 &#8211; 1200 g<\/p>\n","protected":false},"excerpt":{"rendered":"<p>Saftiges Rindfleisch, n\u00e4hrstoffreiche Innereien, frische Karotten, fruchtige \u00c4pfel und saftige Blaubeeren machen unser Steak Men\u00fc zu einem Gaumenschmaus f\u00fcr Deine Fellnase. Naturreis ist perfekt f\u00fcr die Energie und das S\u00e4ttigungsgef\u00fchl deines Hundes \u2013 eine Top-Quelle f\u00fcr gute Kohlenhydrate! Komplettiert wird das Men\u00fc durch eine sorgf\u00e4ltige Mischung aus hochwertigen Raps\u00f6l, Hagebutte, Lebertran, Algenkalk und Seealgenmehl. Unsere [&hellip;]<\/p>\n","protected":false},"featured_media":2243,"comment_status":"open","ping_status":"closed","template":"","meta":[],"product_brand":[],"product_cat":[20,27],"product_tag":[],"class_list":{"0":"post-2241","1":"product","2":"type-product","3":"status-publish","4":"has-post-thumbnail","6":"product_cat-hund","7":"product_cat-grundversorgung","9":"first","10":"instock","11":"taxable","12":"shipping-taxable","13":"purchasable","14":"product-type-variable"},"jetpack_sharing_enabled":true,"_links":{"self":[{"href":"https:\/\/xn--pferdundpftchen-itb.de\/woocommerce\/wp-json\/wp\/v2\/product\/2241","targetHints":{"allow":["GET"]}}],"collection":[{"href":"https:\/\/xn--pferdundpftchen-itb.de\/woocommerce\/wp-json\/wp\/v2\/product"}],"about":[{"href":"https:\/\/xn--pferdundpftchen-itb.de\/woocommerce\/wp-json\/wp\/v2\/types\/product"}],"replies":[{"embeddable":true,"href":"https:\/\/xn--pferdundpftchen-itb.de\/woocommerce\/wp-json\/wp\/v2\/comments?post=2241"}],"wp:featuredmedia":[{"embeddable":true,"href":"https:\/\/xn--pferdundpftchen-itb.de\/woocommerce\/wp-json\/wp\/v2\/media\/2243"}],"wp:attachment":[{"href":"https:\/\/xn--pferdundpftchen-itb.de\/woocommerce\/wp-json\/wp\/v2\/media?parent=2241"}],"wp:term":[{"taxonomy":"product_brand","embeddable":true,"href":"https:\/\/xn--pferdundpftchen-itb.de\/woocommerce\/wp-json\/wp\/v2\/product_brand?post=2241"},{"taxonomy":"product_cat","embeddable":true,"href":"https:\/\/xn--pferdundpftchen-itb.de\/woocommerce\/wp-json\/wp\/v2\/product_cat?post=2241"},{"taxonomy":"product_tag","embeddable":true,"href":"https:\/\/xn--pferdundpftchen-itb.de\/woocommerce\/wp-json\/wp\/v2\/product_tag?post=2241"}],"curies":[{"name":"wp","href":"https:\/\/api.w.org\/{rel}","templated":true}]}}