{"id":2244,"date":"2024-05-05T12:33:41","date_gmt":"2024-05-05T10:33:41","guid":{"rendered":"https:\/\/xn--pferdundpftchen-itb.de\/woocommerce\/?post_type=product&#038;p=2244"},"modified":"2024-05-05T12:33:42","modified_gmt":"2024-05-05T10:33:42","slug":"nass-menue-huhn","status":"publish","type":"product","link":"https:\/\/xn--pferdundpftchen-itb.de\/woocommerce\/produkt\/nass-menue-huhn\/","title":{"rendered":"Nass-Men\u00fc Huhn"},"content":{"rendered":"<p>Zartes H\u00fchnerfleisch, k\u00f6stliche Zucchini, herzhafter K\u00fcrbis und exotische Mango verschmelzen in unserem H\u00fchnchen-Men\u00fc zu einem geschmacklichen Fest f\u00fcr deinen vierbeinigen Freund.<\/p>\n<p>Komplettiert wird das Men\u00fc durch eine sorgf\u00e4ltige Mischung aus hochwertigem Raps\u00f6l, Hagebutte, Lebertran, Algenkalk und Seealgenmehl.<\/p>\n<p>Unsere SANADOG Nass-Men\u00fcs definieren sich durch eine klare Hingabe zu nat\u00fcrlichen Inhaltsstoffen, und dieser Ansatz setzt uns deutlich von anderen Herstellern von Dosenfutter ab. Wir verzichten konsequent auf k\u00fcnstliche Zus\u00e4tze, Geschmacksverst\u00e4rker und Konservierungsstoffe. Mit den hochwertigen SANADOG Nass-Men\u00fcs entscheidest du dich f\u00fcr eine konsequente Nutzung nat\u00fcrlicher Inhaltsstoffe.<\/p>\n<p>Zusammensetzung: 24% Hu\u0308hnerfleisch, 15% Hu\u0308hnerbrustbeinknochen, 9% Hu\u0308hnerherzen, 8% Hu\u0308hnerleber, 7,5% Hu\u0308hnerh\u00e4lse, 7,5% Hu\u0308hnerm\u00e4gen, 7% Zucchini, 7% Ku\u0308rbis, 6% Apfel, 5% Mango, 1,6% Raps\u00f6l, 0,8% Lebertran, 0,8% Hagebutte, 0,6% Algenkalk, 0,2% Seealgenmehl.<br \/>\nErg\u00e4nzungsfuttermittel f\u00fcr Hunde.<\/p>\n<p>F\u00fctterungsempfehlung: Die Fu\u0308tterungsempfehlung pro Tag betr\u00e4gt ca. 2,5% bis 3% vom K\u00f6rpergewicht. Der individuelle Bedarf kann jedoch durch Aktivit\u00e4t, Alter oder Rasse von den unten berechneten Werten abweichen.<\/p>\n<p>Folgende Werte dienen zur Orientierung:<br \/>\n5 kg K\u00f6rpergewicht: ca. 125 &#8211; 150 g<br \/>\n10 kg K\u00f6rpergewicht: ca. 250 &#8211; 300 g<br \/>\n20 kg K\u00f6rpergewicht: ca. 500 &#8211; 600 g<br \/>\n30 kg K\u00f6rpergewicht: ca. 750 &#8211; 900 g<br \/>\n40 kg K\u00f6rpergewicht: ca. 1000 &#8211; 1200 g<\/p>\n","protected":false},"excerpt":{"rendered":"<p>Zartes H\u00fchnerfleisch, k\u00f6stliche Zucchini, herzhafter K\u00fcrbis und exotische Mango verschmelzen in unserem H\u00fchnchen-Men\u00fc zu einem geschmacklichen Fest f\u00fcr deinen vierbeinigen Freund. Komplettiert wird das Men\u00fc durch eine sorgf\u00e4ltige Mischung aus hochwertigem Raps\u00f6l, Hagebutte, Lebertran, Algenkalk und Seealgenmehl. Unsere SANADOG Nass-Men\u00fcs definieren sich durch eine klare Hingabe zu nat\u00fcrlichen Inhaltsstoffen, und dieser Ansatz setzt uns deutlich [&hellip;]<\/p>\n","protected":false},"featured_media":2245,"comment_status":"open","ping_status":"closed","template":"","meta":[],"product_brand":[],"product_cat":[20,27],"product_tag":[],"class_list":{"0":"post-2244","1":"product","2":"type-product","3":"status-publish","4":"has-post-thumbnail","6":"product_cat-hund","7":"product_cat-grundversorgung","9":"first","10":"instock","11":"taxable","12":"shipping-taxable","13":"purchasable","14":"product-type-variable"},"jetpack_sharing_enabled":true,"_links":{"self":[{"href":"https:\/\/xn--pferdundpftchen-itb.de\/woocommerce\/wp-json\/wp\/v2\/product\/2244","targetHints":{"allow":["GET"]}}],"collection":[{"href":"https:\/\/xn--pferdundpftchen-itb.de\/woocommerce\/wp-json\/wp\/v2\/product"}],"about":[{"href":"https:\/\/xn--pferdundpftchen-itb.de\/woocommerce\/wp-json\/wp\/v2\/types\/product"}],"replies":[{"embeddable":true,"href":"https:\/\/xn--pferdundpftchen-itb.de\/woocommerce\/wp-json\/wp\/v2\/comments?post=2244"}],"wp:featuredmedia":[{"embeddable":true,"href":"https:\/\/xn--pferdundpftchen-itb.de\/woocommerce\/wp-json\/wp\/v2\/media\/2245"}],"wp:attachment":[{"href":"https:\/\/xn--pferdundpftchen-itb.de\/woocommerce\/wp-json\/wp\/v2\/media?parent=2244"}],"wp:term":[{"taxonomy":"product_brand","embeddable":true,"href":"https:\/\/xn--pferdundpftchen-itb.de\/woocommerce\/wp-json\/wp\/v2\/product_brand?post=2244"},{"taxonomy":"product_cat","embeddable":true,"href":"https:\/\/xn--pferdundpftchen-itb.de\/woocommerce\/wp-json\/wp\/v2\/product_cat?post=2244"},{"taxonomy":"product_tag","embeddable":true,"href":"https:\/\/xn--pferdundpftchen-itb.de\/woocommerce\/wp-json\/wp\/v2\/product_tag?post=2244"}],"curies":[{"name":"wp","href":"https:\/\/api.w.org\/{rel}","templated":true}]}}