{"id":2251,"date":"2024-05-05T12:42:36","date_gmt":"2024-05-05T10:42:36","guid":{"rendered":"https:\/\/xn--pferdundpftchen-itb.de\/woocommerce\/?post_type=product&#038;p=2251"},"modified":"2024-05-05T12:42:37","modified_gmt":"2024-05-05T10:42:37","slug":"nass-menue-lamm","status":"publish","type":"product","link":"https:\/\/xn--pferdundpftchen-itb.de\/woocommerce\/produkt\/nass-menue-lamm\/","title":{"rendered":"Nass-Men\u00fc Lamm"},"content":{"rendered":"<p>Zauberhaftes Lammfleisch, herzhafter K\u00fcrbis, aromatischer Fenchel und n\u00e4hrstoffreiche Chiasamen verschmelzen in unserem Lamm-Men\u00fc zu einem geschmacklichen Fest f\u00fcr deinen vierbeinigen Freund. Die Erg\u00e4nzung mit saftigen \u00c4pfeln und k\u00f6stlichen Blaubeeren sorgt f\u00fcr eine harmonische Balance und verleiht dem Men\u00fc eine zus\u00e4tzliche Frische.<\/p>\n<p>Die sorgf\u00e4ltige Mischung aus hochwertigem Raps\u00f6l, Hagebutte, Algenkalk und Seealgenmehl rundet dieses exklusive Men\u00fc ab.<\/p>\n<p>Unsere SANADOG Nass-Men\u00fcs definieren sich durch eine klare Hingabe zu nat\u00fcrlichen Inhaltsstoffen, und dieser Ansatz setzt uns deutlich von anderen Herstellern von Dosenfutter ab. Wir verzichten konsequent auf k\u00fcnstliche Zus\u00e4tze, Geschmacksverst\u00e4rker und Konservierungsstoffe. Mit den hochwertigen SANADOG Nass-Men\u00fcs entscheidest du dich f\u00fcr eine konsequente Nutzung nat\u00fcrlicher Inhaltsstoffe.<\/p>\n<p>Zusammensetzung: 45% Lammfleisch, 15% Lammbrustbeinknochen, 15% Lamminnereien, 8,5% Ku\u0308rbis, 7% Apfel, 4% Blaubeeren, 1,6% Raps\u00f6l, 1,5% Fenchel, 0,8% Chiasamen, 0,7% Hagebutte, 0,7% Algenkalk, 0,2% Seealgenmehl.<br \/>\nErg\u00e4nzungsfuttermittel f\u00fcr Hunde.<\/p>\n<p>F\u00fctterungsempfehlung: Die Fu\u0308tterungsempfehlung pro Tag betr\u00e4gt ca. 2,5% bis 3% vom K\u00f6rpergewicht. Der individuelle Bedarf kann jedoch durch Aktivit\u00e4t, Alter oder Rasse von den unten berechneten Werten abweichen.<\/p>\n<p>Folgende Werte dienen zur Orientierung:<br \/>\n5 kg K\u00f6rpergewicht: ca. 125 &#8211; 150 g<br \/>\n10 kg K\u00f6rpergewicht: ca. 250 &#8211; 300 g<br \/>\n20 kg K\u00f6rpergewicht: ca. 500 &#8211; 600 g<br \/>\n30 kg K\u00f6rpergewicht: ca. 750 &#8211; 900 g<br \/>\n40 kg K\u00f6rpergewicht: ca. 1000 &#8211; 1200 g<\/p>\n","protected":false},"excerpt":{"rendered":"<p>Zauberhaftes Lammfleisch, herzhafter K\u00fcrbis, aromatischer Fenchel und n\u00e4hrstoffreiche Chiasamen verschmelzen in unserem Lamm-Men\u00fc zu einem geschmacklichen Fest f\u00fcr deinen vierbeinigen Freund. Die Erg\u00e4nzung mit saftigen \u00c4pfeln und k\u00f6stlichen Blaubeeren sorgt f\u00fcr eine harmonische Balance und verleiht dem Men\u00fc eine zus\u00e4tzliche Frische. Die sorgf\u00e4ltige Mischung aus hochwertigem Raps\u00f6l, Hagebutte, Algenkalk und Seealgenmehl rundet dieses exklusive Men\u00fc [&hellip;]<\/p>\n","protected":false},"featured_media":2252,"comment_status":"open","ping_status":"closed","template":"","meta":[],"product_brand":[],"product_cat":[20,27],"product_tag":[],"class_list":{"0":"post-2251","1":"product","2":"type-product","3":"status-publish","4":"has-post-thumbnail","6":"product_cat-hund","7":"product_cat-grundversorgung","9":"first","10":"instock","11":"taxable","12":"shipping-taxable","13":"purchasable","14":"product-type-variable"},"jetpack_sharing_enabled":true,"_links":{"self":[{"href":"https:\/\/xn--pferdundpftchen-itb.de\/woocommerce\/wp-json\/wp\/v2\/product\/2251","targetHints":{"allow":["GET"]}}],"collection":[{"href":"https:\/\/xn--pferdundpftchen-itb.de\/woocommerce\/wp-json\/wp\/v2\/product"}],"about":[{"href":"https:\/\/xn--pferdundpftchen-itb.de\/woocommerce\/wp-json\/wp\/v2\/types\/product"}],"replies":[{"embeddable":true,"href":"https:\/\/xn--pferdundpftchen-itb.de\/woocommerce\/wp-json\/wp\/v2\/comments?post=2251"}],"wp:featuredmedia":[{"embeddable":true,"href":"https:\/\/xn--pferdundpftchen-itb.de\/woocommerce\/wp-json\/wp\/v2\/media\/2252"}],"wp:attachment":[{"href":"https:\/\/xn--pferdundpftchen-itb.de\/woocommerce\/wp-json\/wp\/v2\/media?parent=2251"}],"wp:term":[{"taxonomy":"product_brand","embeddable":true,"href":"https:\/\/xn--pferdundpftchen-itb.de\/woocommerce\/wp-json\/wp\/v2\/product_brand?post=2251"},{"taxonomy":"product_cat","embeddable":true,"href":"https:\/\/xn--pferdundpftchen-itb.de\/woocommerce\/wp-json\/wp\/v2\/product_cat?post=2251"},{"taxonomy":"product_tag","embeddable":true,"href":"https:\/\/xn--pferdundpftchen-itb.de\/woocommerce\/wp-json\/wp\/v2\/product_tag?post=2251"}],"curies":[{"name":"wp","href":"https:\/\/api.w.org\/{rel}","templated":true}]}}