{"id":2255,"date":"2024-05-05T12:46:10","date_gmt":"2024-05-05T10:46:10","guid":{"rendered":"https:\/\/xn--pferdundpftchen-itb.de\/woocommerce\/?post_type=product&#038;p=2255"},"modified":"2024-05-05T12:46:10","modified_gmt":"2024-05-05T10:46:10","slug":"nass-menue-ente","status":"publish","type":"product","link":"https:\/\/xn--pferdundpftchen-itb.de\/woocommerce\/produkt\/nass-menue-ente\/","title":{"rendered":"Nass-Men\u00fc Ente"},"content":{"rendered":"<p>Zartes Entenfleisch, aromatische Petersilienwurzel, fruchtige Rote Beete und knuspriger Sesam bilden die Grundlage unseres Enten-Men\u00fcs, das durch eine harmonische Kombination von Spinat, s\u00fc\u00dfer Birne, knackigem Apfel und saftigem Pfirsich zu einem kulinarischen Highlight f\u00fcr deinen vierbeinigen Freund wird.<\/p>\n<p>Die sorgf\u00e4ltige Mischung aus hochwertigem Raps\u00f6l, Hagebutte, Algenkalk und Seealgenmehl rundet dieses exklusive Men\u00fc ab.<\/p>\n<p>Unsere SANADOG Nass-Men\u00fcs definieren sich durch eine klare Hingabe zu nat\u00fcrlichen Inhaltsstoffen, und dieser Ansatz setzt uns deutlich von anderen Herstellern von Dosenfutter ab. Wir verzichten konsequent auf k\u00fcnstliche Zus\u00e4tze, Geschmacksverst\u00e4rker und Konservierungsstoffe. Mit den hochwertigen SANADOG Nass-Men\u00fcs entscheidest du dich f\u00fcr eine konsequente Nutzung nat\u00fcrlicher Inhaltsstoffe. <\/p>\n<p>Zusammensetzung: 42% Entenfleisch, 16% Entenherzen, 12% Entenbrustbeinknochen, 5% Petersilienwurzel, 5% Rote Beete, 5% Spinat, 5% Birne, 5% Apfel, 1,5% Pfirsich, 1,5% Raps\u00f6l, 0,9% Hagebutte, 0,6% Algenkalk, 0,3% Sesam, 0,2% Seealgenmehl.<br \/>\nErg\u00e4nzungsfuttermittel f\u00fcr Hunde.<\/p>\n<p>F\u00fctterungsempfehlung: Die Fu\u0308tterungsempfehlung pro Tag betr\u00e4gt ca. 2,5% bis 3% vom K\u00f6rpergewicht. Der individuelle Bedarf kann jedoch durch Aktivit\u00e4t, Alter oder Rasse von den unten berechneten Werten abweichen.<\/p>\n<p>Folgende Werte dienen zur Orientierung:<br \/>\n5 kg K\u00f6rpergewicht: ca. 125 &#8211; 150 g<br \/>\n10 kg K\u00f6rpergewicht: ca. 250 &#8211; 300 g<br \/>\n20 kg K\u00f6rpergewicht: ca. 500 &#8211; 600 g<br \/>\n30 kg K\u00f6rpergewicht: ca. 750 &#8211; 900 g<br \/>\n40 kg K\u00f6rpergewicht: ca. 1000 &#8211; 1200 g<\/p>\n","protected":false},"excerpt":{"rendered":"<p>Zartes Entenfleisch, aromatische Petersilienwurzel, fruchtige Rote Beete und knuspriger Sesam bilden die Grundlage unseres Enten-Men\u00fcs, das durch eine harmonische Kombination von Spinat, s\u00fc\u00dfer Birne, knackigem Apfel und saftigem Pfirsich zu einem kulinarischen Highlight f\u00fcr deinen vierbeinigen Freund wird. Die sorgf\u00e4ltige Mischung aus hochwertigem Raps\u00f6l, Hagebutte, Algenkalk und Seealgenmehl rundet dieses exklusive Men\u00fc ab. Unsere SANADOG [&hellip;]<\/p>\n","protected":false},"featured_media":2256,"comment_status":"open","ping_status":"closed","template":"","meta":[],"product_brand":[],"product_cat":[20,27],"product_tag":[],"class_list":{"0":"post-2255","1":"product","2":"type-product","3":"status-publish","4":"has-post-thumbnail","6":"product_cat-hund","7":"product_cat-grundversorgung","9":"first","10":"instock","11":"taxable","12":"shipping-taxable","13":"purchasable","14":"product-type-variable"},"jetpack_sharing_enabled":true,"_links":{"self":[{"href":"https:\/\/xn--pferdundpftchen-itb.de\/woocommerce\/wp-json\/wp\/v2\/product\/2255","targetHints":{"allow":["GET"]}}],"collection":[{"href":"https:\/\/xn--pferdundpftchen-itb.de\/woocommerce\/wp-json\/wp\/v2\/product"}],"about":[{"href":"https:\/\/xn--pferdundpftchen-itb.de\/woocommerce\/wp-json\/wp\/v2\/types\/product"}],"replies":[{"embeddable":true,"href":"https:\/\/xn--pferdundpftchen-itb.de\/woocommerce\/wp-json\/wp\/v2\/comments?post=2255"}],"wp:featuredmedia":[{"embeddable":true,"href":"https:\/\/xn--pferdundpftchen-itb.de\/woocommerce\/wp-json\/wp\/v2\/media\/2256"}],"wp:attachment":[{"href":"https:\/\/xn--pferdundpftchen-itb.de\/woocommerce\/wp-json\/wp\/v2\/media?parent=2255"}],"wp:term":[{"taxonomy":"product_brand","embeddable":true,"href":"https:\/\/xn--pferdundpftchen-itb.de\/woocommerce\/wp-json\/wp\/v2\/product_brand?post=2255"},{"taxonomy":"product_cat","embeddable":true,"href":"https:\/\/xn--pferdundpftchen-itb.de\/woocommerce\/wp-json\/wp\/v2\/product_cat?post=2255"},{"taxonomy":"product_tag","embeddable":true,"href":"https:\/\/xn--pferdundpftchen-itb.de\/woocommerce\/wp-json\/wp\/v2\/product_tag?post=2255"}],"curies":[{"name":"wp","href":"https:\/\/api.w.org\/{rel}","templated":true}]}}