{"id":2264,"date":"2024-06-02T19:30:29","date_gmt":"2024-06-02T17:30:29","guid":{"rendered":"https:\/\/xn--pferdundpftchen-itb.de\/woocommerce\/?post_type=product&#038;p=2264"},"modified":"2025-01-25T19:03:14","modified_gmt":"2025-01-25T18:03:14","slug":"anti-ecto-spot-on","status":"publish","type":"product","link":"https:\/\/xn--pferdundpftchen-itb.de\/woocommerce\/produkt\/anti-ecto-spot-on\/","title":{"rendered":"Anti-Ecto Spot On"},"content":{"rendered":"<p><strong>Anti Ecto Spot On \u2013 Nat\u00fcrlicher Schutz vor Fl\u00f6hen und Zecken f\u00fcr deinen Hund!<\/strong><\/p>\n<p>Das <strong>Anti Ecto Spot On<\/strong> von Annimally bietet deinem Hund effektiven Schutz vor Fl\u00f6hen und Zecken \u2013 und das auf ganz nat\u00fcrliche Weise! Schon bei einmaliger Anwendung sch\u00fctzt es f\u00fcr bis zu <strong>vier Wochen<\/strong> und sorgt f\u00fcr eine rundum sichere Barriere gegen unerw\u00fcnschte Parasiten.<\/p>\n<p>\ud83c\udf3f <strong>100% nat\u00fcrliche Inhaltsstoffe<\/strong> \u2013 aus den Bl\u00e4ttern des Zitroneneukalyptus, f\u00fcr einen kraftvollen Schutz ganz ohne Chemie.<br \/>\n\ud83c\udf43 <strong>Citriodiol<\/strong> \u2013 der nat\u00fcrliche Inhaltsstoff aus dem \u00e4therischen Zitroneneukalyptus\u00f6l ist f\u00fcr seine insektenabwehrenden Eigenschaften bekannt.<br \/>\n\ud83c\udf31 <strong>Zitronenduft &amp; Frische<\/strong> \u2013 der angenehme Duft vertreibt Zecken und Fl\u00f6he, w\u00e4hrend er deinem Hund gleichzeitig einen frischen Geruch verleiht.<br \/>\n\ud83e\udda0 <strong>Sch\u00fctzt effektiv vor Zecken &amp; Fl\u00f6hen<\/strong> \u2013 das Aroma des Zitroneneukalyptus hindert Zecken daran, sich festzusetzen und greift ihren Chitinpanzer an.<br \/>\n\ud83c\udde9\ud83c\uddea <strong>Made in Germany<\/strong> \u2013 sorgf\u00e4ltig entwickelt und getestet, f\u00fcr h\u00f6chste Qualit\u00e4t und Sicherheit.<br \/>\n\ud83d\udc3e <strong>F\u00fcr Welpen ab der 16. Lebenswoche geeignet<\/strong> \u2013 sanft und effektiv f\u00fcr j\u00fcngere Hunde.<\/p>\n<p>Das <strong>Anti Ecto Spot On<\/strong> l\u00e4sst sich ganz einfach auftragen und bietet deinem Hund nat\u00fcrlichen Schutz, der sowohl effektiv als auch angenehm duftend ist. Es enth\u00e4lt keine unn\u00f6tigen Zusatzstoffe, ist sanft zur Haut und sch\u00fctzt zuverl\u00e4ssig vor Parasiten.<\/p>\n<p><strong>Inhalt:<\/strong> 3 Tuben f\u00fcr eine langfristige Anwendung.<\/p>\n<p><strong>Sch\u00fctze deinen Hund auf nat\u00fcrliche Weise<\/strong> \u2013 mit dem <strong>Anti Ecto Spot On<\/strong> von Annimally, f\u00fcr mehr Wohlbefinden und einen frischen Duft!<\/p>\n<p>Zusammensetzung: Eukalyptus citriodora \u00d6l, hydratisiert, cyclisiert<\/p>\n<p>Anwendung: 1 Tube = Eine Anwendung und sch\u00fctzt f\u00fcr 4 Wochen.<\/p>\n<p>Fell teilen und Spot On entlang der R\u00fcckenlinie (vom Nacken bis zum Schwanzansatz) auf die Haut auftragen. Dank der Fellstruktur verteilt sich das Mittel anschlie\u00dfend ganz von allein.<\/p>\n<p>Solltest Du mehrere Vierbeiner damit versorgen, achte immer darauf, dass sie sich nach der Anwendung nicht gegenseitig ablecken.<br \/>\nAu\u00dferdem sollte die behandelte Stelle auch von Menschen nicht ber\u00fchrt werden, bis das Mittel vollst\u00e4ndig getrocknet ist. &#8222;<\/p>\n","protected":false},"excerpt":{"rendered":"<p>Anti Ecto Spot On \u2013 Nat\u00fcrlicher Schutz vor Fl\u00f6hen und Zecken f\u00fcr deinen Hund! Das Anti Ecto Spot On von Annimally bietet deinem Hund effektiven Schutz vor Fl\u00f6hen und Zecken \u2013 und das auf ganz nat\u00fcrliche Weise! Schon bei einmaliger Anwendung sch\u00fctzt es f\u00fcr bis zu vier Wochen und sorgt f\u00fcr eine rundum sichere Barriere [&hellip;]<\/p>\n","protected":false},"featured_media":2265,"comment_status":"open","ping_status":"closed","template":"","meta":[],"product_brand":[],"product_cat":[20,37,38],"product_tag":[],"class_list":{"0":"post-2264","1":"product","2":"type-product","3":"status-publish","4":"has-post-thumbnail","6":"product_cat-hund","7":"product_cat-parasiten","8":"product_cat-pflege-aeuserliche-anwendung","10":"first","11":"instock","12":"taxable","13":"shipping-taxable","14":"purchasable","15":"product-type-variable"},"jetpack_sharing_enabled":true,"_links":{"self":[{"href":"https:\/\/xn--pferdundpftchen-itb.de\/woocommerce\/wp-json\/wp\/v2\/product\/2264","targetHints":{"allow":["GET"]}}],"collection":[{"href":"https:\/\/xn--pferdundpftchen-itb.de\/woocommerce\/wp-json\/wp\/v2\/product"}],"about":[{"href":"https:\/\/xn--pferdundpftchen-itb.de\/woocommerce\/wp-json\/wp\/v2\/types\/product"}],"replies":[{"embeddable":true,"href":"https:\/\/xn--pferdundpftchen-itb.de\/woocommerce\/wp-json\/wp\/v2\/comments?post=2264"}],"wp:featuredmedia":[{"embeddable":true,"href":"https:\/\/xn--pferdundpftchen-itb.de\/woocommerce\/wp-json\/wp\/v2\/media\/2265"}],"wp:attachment":[{"href":"https:\/\/xn--pferdundpftchen-itb.de\/woocommerce\/wp-json\/wp\/v2\/media?parent=2264"}],"wp:term":[{"taxonomy":"product_brand","embeddable":true,"href":"https:\/\/xn--pferdundpftchen-itb.de\/woocommerce\/wp-json\/wp\/v2\/product_brand?post=2264"},{"taxonomy":"product_cat","embeddable":true,"href":"https:\/\/xn--pferdundpftchen-itb.de\/woocommerce\/wp-json\/wp\/v2\/product_cat?post=2264"},{"taxonomy":"product_tag","embeddable":true,"href":"https:\/\/xn--pferdundpftchen-itb.de\/woocommerce\/wp-json\/wp\/v2\/product_tag?post=2264"}],"curies":[{"name":"wp","href":"https:\/\/api.w.org\/{rel}","templated":true}]}}