{"id":2289,"date":"2024-07-21T12:05:04","date_gmt":"2024-07-21T10:05:04","guid":{"rendered":"https:\/\/xn--pferdundpftchen-itb.de\/woocommerce\/?post_type=product&#038;p=2289"},"modified":"2024-07-21T12:05:04","modified_gmt":"2024-07-21T10:05:04","slug":"putenhals-einzeln","status":"publish","type":"product","link":"https:\/\/xn--pferdundpftchen-itb.de\/woocommerce\/produkt\/putenhals-einzeln\/","title":{"rendered":"Putenhals, einzeln"},"content":{"rendered":"<p>Die getrockneten Putenh\u00e4lse sind wahrlich ein gro\u00dfer Snack und damit besonders geeignet f\u00fcr gr\u00f6\u00dfere Hunde, die \u00fcber einen H\u00fchnerhals nur m\u00fcde l\u00e4cheln k\u00f6nnen. Nat\u00fcrlich sind Putenh\u00e4lse aber f\u00fcr Hunde jeder Gr\u00f6\u00dfe hervorragend geeignet und bieten ein langes Kauvergn\u00fcgen.<\/p>\n<p>Unsere Putenh\u00e4lse werden ohne Zus\u00e4tze wie Zucker, Mais, Weizen, Soja, Farbstoffe, Konservierungsstoffe, Fleischmehle, Zucker oder anderen F\u00fcllstoffen in unserer eigenen Manufaktur hergestellt und dabei schonend luftgetrocknet. Unsere Lufttrocknungstechnologie ist eine moderne Interpretation jahrhundertealter Fleischkonservierungstechniken.<\/p>\n<p>Die sorgf\u00e4ltig ausgew\u00e4hlten Putenh\u00e4lse werden lokal bezogen und sind zu 100% r\u00fcckverfolgbar. Durch unseren schonenden Herstellungsprozess bleiben die in den Putenh\u00e4lsen enthaltenen N\u00e4hrstoffe erhalten und helfen deinem Hund lange gesund und vital zu bleiben.<\/p>\n<p>Zusammensetzung: 100% Putenhals<\/p>\n<p>F\u00fctterungsempfehlung: Als Belohnung oder Snack zwischen den Mahlzeiten. Reduzierung der Futtermenge nach Bedarf. Immer frisches und sauberes Trinkwasser bereitstellen. K\u00fchl und trocken lagern. Nicht f\u00fcr Hunde unter 3 Monaten geeignet.<\/p>\n","protected":false},"excerpt":{"rendered":"<p>Die getrockneten Putenh\u00e4lse sind wahrlich ein gro\u00dfer Snack und damit besonders geeignet f\u00fcr gr\u00f6\u00dfere Hunde, die \u00fcber einen H\u00fchnerhals nur m\u00fcde l\u00e4cheln k\u00f6nnen. Nat\u00fcrlich sind Putenh\u00e4lse aber f\u00fcr Hunde jeder Gr\u00f6\u00dfe hervorragend geeignet und bieten ein langes Kauvergn\u00fcgen. Unsere Putenh\u00e4lse werden ohne Zus\u00e4tze wie Zucker, Mais, Weizen, Soja, Farbstoffe, Konservierungsstoffe, Fleischmehle, Zucker oder anderen F\u00fcllstoffen [&hellip;]<\/p>\n","protected":false},"featured_media":2293,"comment_status":"open","ping_status":"closed","template":"","meta":[],"product_brand":[],"product_cat":[20,68,30],"product_tag":[],"class_list":{"0":"post-2289","1":"product","2":"type-product","3":"status-publish","4":"has-post-thumbnail","6":"product_cat-hund","7":"product_cat-leckerlies-snacks-hund","8":"product_cat-zaehne-maul","10":"first","11":"instock","12":"taxable","13":"shipping-taxable","14":"purchasable","15":"product-type-simple"},"jetpack_sharing_enabled":true,"_links":{"self":[{"href":"https:\/\/xn--pferdundpftchen-itb.de\/woocommerce\/wp-json\/wp\/v2\/product\/2289","targetHints":{"allow":["GET"]}}],"collection":[{"href":"https:\/\/xn--pferdundpftchen-itb.de\/woocommerce\/wp-json\/wp\/v2\/product"}],"about":[{"href":"https:\/\/xn--pferdundpftchen-itb.de\/woocommerce\/wp-json\/wp\/v2\/types\/product"}],"replies":[{"embeddable":true,"href":"https:\/\/xn--pferdundpftchen-itb.de\/woocommerce\/wp-json\/wp\/v2\/comments?post=2289"}],"wp:featuredmedia":[{"embeddable":true,"href":"https:\/\/xn--pferdundpftchen-itb.de\/woocommerce\/wp-json\/wp\/v2\/media\/2293"}],"wp:attachment":[{"href":"https:\/\/xn--pferdundpftchen-itb.de\/woocommerce\/wp-json\/wp\/v2\/media?parent=2289"}],"wp:term":[{"taxonomy":"product_brand","embeddable":true,"href":"https:\/\/xn--pferdundpftchen-itb.de\/woocommerce\/wp-json\/wp\/v2\/product_brand?post=2289"},{"taxonomy":"product_cat","embeddable":true,"href":"https:\/\/xn--pferdundpftchen-itb.de\/woocommerce\/wp-json\/wp\/v2\/product_cat?post=2289"},{"taxonomy":"product_tag","embeddable":true,"href":"https:\/\/xn--pferdundpftchen-itb.de\/woocommerce\/wp-json\/wp\/v2\/product_tag?post=2289"}],"curies":[{"name":"wp","href":"https:\/\/api.w.org\/{rel}","templated":true}]}}