{"id":2302,"date":"2024-07-21T12:12:29","date_gmt":"2024-07-21T10:12:29","guid":{"rendered":"https:\/\/xn--pferdundpftchen-itb.de\/woocommerce\/?post_type=product&#038;p=2302"},"modified":"2024-07-21T12:12:47","modified_gmt":"2024-07-21T10:12:47","slug":"schweineschulterknochen-einzeln","status":"publish","type":"product","link":"https:\/\/xn--pferdundpftchen-itb.de\/woocommerce\/produkt\/schweineschulterknochen-einzeln\/","title":{"rendered":"Schweineschulterknochen, einzeln"},"content":{"rendered":"<p>Der von Hunden hei\u00dfbegehrte und 100% nat\u00fcrliche Schulterknochen ist eine nat\u00fcrliche und wichtige Kalziumquelle. Da der Knochen vom jungen Schwein stammt, ist das Risiko von Knochensplittern reduziert. Der aromatische und nat\u00fcrliche Geschmack garantiert ein langes und unverwechselbares Kauvergn\u00fcgen.<\/p>\n<p>Preis pro St\u00fcck<\/p>\n<p>Zusammensetzung: 100% Schwein<\/p>\n<p>F\u00fctterungsempfehlung: Als Belohnung oder Snack zwischen den Mahlzeiten. Reduzierung der Futtermenge nach Bedarf. Immer frisches und sauberes Trinkwasser bereitstellen. K\u00fchl und trocken lagern. Nicht f\u00fcr Hunde unter 3 Monaten geeignet.<\/p>\n","protected":false},"excerpt":{"rendered":"<p>Der von Hunden hei\u00dfbegehrte und 100% nat\u00fcrliche Schulterknochen ist eine nat\u00fcrliche und wichtige Kalziumquelle. Da der Knochen vom jungen Schwein stammt, ist das Risiko von Knochensplittern reduziert. Der aromatische und nat\u00fcrliche Geschmack garantiert ein langes und unverwechselbares Kauvergn\u00fcgen. Preis pro St\u00fcck Zusammensetzung: 100% Schwein F\u00fctterungsempfehlung: Als Belohnung oder Snack zwischen den Mahlzeiten. Reduzierung der Futtermenge [&hellip;]<\/p>\n","protected":false},"featured_media":2295,"comment_status":"open","ping_status":"closed","template":"","meta":[],"product_brand":[],"product_cat":[20,68,30],"product_tag":[],"class_list":{"0":"post-2302","1":"product","2":"type-product","3":"status-publish","4":"has-post-thumbnail","6":"product_cat-hund","7":"product_cat-leckerlies-snacks-hund","8":"product_cat-zaehne-maul","10":"first","11":"instock","12":"taxable","13":"shipping-taxable","14":"purchasable","15":"product-type-simple"},"jetpack_sharing_enabled":true,"_links":{"self":[{"href":"https:\/\/xn--pferdundpftchen-itb.de\/woocommerce\/wp-json\/wp\/v2\/product\/2302","targetHints":{"allow":["GET"]}}],"collection":[{"href":"https:\/\/xn--pferdundpftchen-itb.de\/woocommerce\/wp-json\/wp\/v2\/product"}],"about":[{"href":"https:\/\/xn--pferdundpftchen-itb.de\/woocommerce\/wp-json\/wp\/v2\/types\/product"}],"replies":[{"embeddable":true,"href":"https:\/\/xn--pferdundpftchen-itb.de\/woocommerce\/wp-json\/wp\/v2\/comments?post=2302"}],"wp:featuredmedia":[{"embeddable":true,"href":"https:\/\/xn--pferdundpftchen-itb.de\/woocommerce\/wp-json\/wp\/v2\/media\/2295"}],"wp:attachment":[{"href":"https:\/\/xn--pferdundpftchen-itb.de\/woocommerce\/wp-json\/wp\/v2\/media?parent=2302"}],"wp:term":[{"taxonomy":"product_brand","embeddable":true,"href":"https:\/\/xn--pferdundpftchen-itb.de\/woocommerce\/wp-json\/wp\/v2\/product_brand?post=2302"},{"taxonomy":"product_cat","embeddable":true,"href":"https:\/\/xn--pferdundpftchen-itb.de\/woocommerce\/wp-json\/wp\/v2\/product_cat?post=2302"},{"taxonomy":"product_tag","embeddable":true,"href":"https:\/\/xn--pferdundpftchen-itb.de\/woocommerce\/wp-json\/wp\/v2\/product_tag?post=2302"}],"curies":[{"name":"wp","href":"https:\/\/api.w.org\/{rel}","templated":true}]}}