{"id":2303,"date":"2024-07-21T12:14:30","date_gmt":"2024-07-21T10:14:30","guid":{"rendered":"https:\/\/xn--pferdundpftchen-itb.de\/woocommerce\/?post_type=product&#038;p=2303"},"modified":"2024-07-21T12:14:31","modified_gmt":"2024-07-21T10:14:31","slug":"rinderohr-mit-muschel-stueck","status":"publish","type":"product","link":"https:\/\/xn--pferdundpftchen-itb.de\/woocommerce\/produkt\/rinderohr-mit-muschel-stueck\/","title":{"rendered":"Rinderohr mit Muschel, St\u00fcck"},"content":{"rendered":"<p>Die SANADOG Rinderohren sind die nat\u00fcrliche und gesunde Alternative zu meist in Asien oder S\u00fcdamerika hergestellten Rinderohren. Diese sind oft gef\u00e4rbt oder gebleicht (mit Wasserstoffperoxid behandelt) und damit Ihrer N\u00e4hrstoffe komplett beraubt. Die SANADOG Rinderohren werden zu 100% aus frischer, unbehandelter und damit nat\u00fcrlichen Rinderohren hergestellt. Sie sind f\u00fcr deinen Hund lecker und knusprig damit optimal f\u00fcr die St\u00e4rkung des Gebisses und der Kaumuskulatur. Bei den Rinderohren mit Muscheln wird der Muskel (zur Bewegung der Ohren) und der Geh\u00f6rgang an dem Rinderohr belassen. Das Rinderohr beseht dadurch aus unterschiedlichen H\u00e4rtegraden was den Kauspa\u00df f\u00fcr Deinen Hund deutlich erh\u00f6ht.<\/p>\n<p>Die Rinderohren werden ohne Zus\u00e4tze wie Zucker, Mais, Weizen, Soja, Farbstoffe, Bleichungsmittel, Konservierungsstoffe, Fleischmehle, Zucker oder anderen F\u00fcllstoffen in unserer eigenen Manufaktur hergestellt und dabei schonend luftgetrocknet. Unsere Lufttrocknungstechnologie ist eine moderne Interpretation jahrhundertealter Fleischkonservierungstechniken.<\/p>\n<p>Die sorgf\u00e4ltig ausgew\u00e4hlten Rinderohren werden lokal bezogen und sind zu 100% r\u00fcckverfolgbar. Durch unseren schonenden Herstellungsprozess bleiben die in der Rinderohren enthaltenen N\u00e4hrstoffe erhalten und helfen deinem Hund lange gesund und vital zu bleiben.<\/p>\n<p>Preis pro St\u00fcck <\/p>\n<p>Zusammensetzung: 100% Rinderohren<\/p>\n<p>F\u00fctterungsempfehlung: Als Belohnung oder Snack zwischen den Mahlzeiten. Reduzierung der Futtermenge nach Bedarf. Immer frisches und sauberes Trinkwasser bereitstellen. K\u00fchl und trocken lagern. Nicht f\u00fcr Hunde unter 3 Monaten geeignet.<\/p>\n","protected":false},"excerpt":{"rendered":"<p>Die SANADOG Rinderohren sind die nat\u00fcrliche und gesunde Alternative zu meist in Asien oder S\u00fcdamerika hergestellten Rinderohren. Diese sind oft gef\u00e4rbt oder gebleicht (mit Wasserstoffperoxid behandelt) und damit Ihrer N\u00e4hrstoffe komplett beraubt. Die SANADOG Rinderohren werden zu 100% aus frischer, unbehandelter und damit nat\u00fcrlichen Rinderohren hergestellt. Sie sind f\u00fcr deinen Hund lecker und knusprig damit [&hellip;]<\/p>\n","protected":false},"featured_media":2294,"comment_status":"open","ping_status":"closed","template":"","meta":[],"product_brand":[],"product_cat":[20,68,30],"product_tag":[],"class_list":{"0":"post-2303","1":"product","2":"type-product","3":"status-publish","4":"has-post-thumbnail","6":"product_cat-hund","7":"product_cat-leckerlies-snacks-hund","8":"product_cat-zaehne-maul","10":"first","11":"instock","12":"taxable","13":"shipping-taxable","14":"purchasable","15":"product-type-simple"},"jetpack_sharing_enabled":true,"_links":{"self":[{"href":"https:\/\/xn--pferdundpftchen-itb.de\/woocommerce\/wp-json\/wp\/v2\/product\/2303","targetHints":{"allow":["GET"]}}],"collection":[{"href":"https:\/\/xn--pferdundpftchen-itb.de\/woocommerce\/wp-json\/wp\/v2\/product"}],"about":[{"href":"https:\/\/xn--pferdundpftchen-itb.de\/woocommerce\/wp-json\/wp\/v2\/types\/product"}],"replies":[{"embeddable":true,"href":"https:\/\/xn--pferdundpftchen-itb.de\/woocommerce\/wp-json\/wp\/v2\/comments?post=2303"}],"wp:featuredmedia":[{"embeddable":true,"href":"https:\/\/xn--pferdundpftchen-itb.de\/woocommerce\/wp-json\/wp\/v2\/media\/2294"}],"wp:attachment":[{"href":"https:\/\/xn--pferdundpftchen-itb.de\/woocommerce\/wp-json\/wp\/v2\/media?parent=2303"}],"wp:term":[{"taxonomy":"product_brand","embeddable":true,"href":"https:\/\/xn--pferdundpftchen-itb.de\/woocommerce\/wp-json\/wp\/v2\/product_brand?post=2303"},{"taxonomy":"product_cat","embeddable":true,"href":"https:\/\/xn--pferdundpftchen-itb.de\/woocommerce\/wp-json\/wp\/v2\/product_cat?post=2303"},{"taxonomy":"product_tag","embeddable":true,"href":"https:\/\/xn--pferdundpftchen-itb.de\/woocommerce\/wp-json\/wp\/v2\/product_tag?post=2303"}],"curies":[{"name":"wp","href":"https:\/\/api.w.org\/{rel}","templated":true}]}}