{"id":2304,"date":"2024-07-21T12:17:17","date_gmt":"2024-07-21T10:17:17","guid":{"rendered":"https:\/\/xn--pferdundpftchen-itb.de\/woocommerce\/?post_type=product&#038;p=2304"},"modified":"2025-02-09T19:26:30","modified_gmt":"2025-02-09T18:26:30","slug":"insektenstreifen-einzeln","status":"publish","type":"product","link":"https:\/\/xn--pferdundpftchen-itb.de\/woocommerce\/produkt\/insektenstreifen-einzeln\/","title":{"rendered":"Insektenstreifen, einzeln"},"content":{"rendered":"<p><strong>SANA Dog Insektenstreifen \u2013 Der besondere Snack f\u00fcr deinen Hund!<\/strong><br \/>\nEntdecke die innovative und nachhaltige Snack-Alternative f\u00fcr deinen Hund: Insektenstreifen von SANA Dog! Diese Kaustreifen sehen aus wie Fleisch, schmecken mindestens genauso lecker, bestehen jedoch ausschlie\u00dflich aus frischen Insektenlarven \u2013 ohne irgendwelche Zusatzstoffe, F\u00fcllstoffe oder Insektenmehle.<\/p>\n<p><strong>Warum Insektenlarven?<\/strong><br \/>\nDie sorgf\u00e4ltig ausgew\u00e4hlten Insektenlarven stammen aus spezialisierten Farmen, auf denen sie sich von pflanzlichen Nebenprodukten aus der Lebensmittelherstellung ern\u00e4hren. Sie verbrauchen kaum Wasser, wachsen schnell heran und ben\u00f6tigen viel weniger Ressourcen als herk\u00f6mmliches Fleisch. Diese nachhaltige Zuchtweise schont nicht nur die Umwelt, sondern liefert auch eine wertvolle Proteinquelle.<\/p>\n<p><strong>Ein gesunder Snack f\u00fcr deinen Hund!<\/strong><br \/>\nInsektenlarven sind wahre N\u00e4hrstoffwunder: Sie enthalten hochwertiges Eiwei\u00df, unges\u00e4ttigte Fetts\u00e4uren, sowie Vitamine und Mineralstoffe wie Kupfer, Eisen, Magnesium, Mangan, Selen und Zink. Damit sind sie eine ideale Erg\u00e4nzung f\u00fcr eine ausgewogene Hundeern\u00e4hrung.<\/p>\n<p><strong>Lecker, gesund und nachhaltig<\/strong><br \/>\nDie Snacks werden durch schonende Lufttrocknungstechnologie konserviert \u2013 eine moderne Methode, die auf jahrhundertealten Fleischkonservierungstechniken basiert. Der k\u00f6stliche, nussige Duft sorgt daf\u00fcr, dass dieser Snack bei jedem Hund gut ankommt.<\/p>\n<p><strong>Fazit<\/strong><br \/>\nVerw\u00f6hne deinen Hund mit einem gesunden, leckeren Snack, der nicht nur gut f\u00fcr ihn, sondern auch f\u00fcr unseren Planeten ist. Mit den Insektenstreifen von SANA Dog tust du deinem Vierbeiner etwas Gutes \u2013 und der Umwelt gleich mit!<\/p>\n<p>Preis pro St\u00fcck<\/p>\n<p>Hinweis von Jessy: ideal um ein bisschen Abwechselung in die Snacks zu bringen und super geeignet f\u00fcr Allergiker oder Hunde, die auf ihre Co2-Bilanz achten.<\/p>\n<p>Zusammensetzung: 98% Larven der schwarzen Soldatenfliege, 2% Guarkerne<\/p>\n<p>F\u00fctterungsempfehlung: Als Belohnung oder Snack zwischen den Mahlzeiten. Reduzierung der Futtermenge nach Bedarf. Immer frisches und sauberes Trinkwasser bereitstellen. K\u00fchl und trocken lagern. Nicht f\u00fcr Hunde unter 3 Monaten geeignet.<\/p>\n","protected":false},"excerpt":{"rendered":"<p>SANA Dog Insektenstreifen \u2013 Der besondere Snack f\u00fcr deinen Hund! Entdecke die innovative und nachhaltige Snack-Alternative f\u00fcr deinen Hund: Insektenstreifen von SANA Dog! Diese Kaustreifen sehen aus wie Fleisch, schmecken mindestens genauso lecker, bestehen jedoch ausschlie\u00dflich aus frischen Insektenlarven \u2013 ohne irgendwelche Zusatzstoffe, F\u00fcllstoffe oder Insektenmehle. Warum Insektenlarven? Die sorgf\u00e4ltig ausgew\u00e4hlten Insektenlarven stammen aus spezialisierten [&hellip;]<\/p>\n","protected":false},"featured_media":2291,"comment_status":"open","ping_status":"closed","template":"","meta":[],"product_brand":[],"product_cat":[20,68],"product_tag":[],"class_list":{"0":"post-2304","1":"product","2":"type-product","3":"status-publish","4":"has-post-thumbnail","6":"product_cat-hund","7":"product_cat-leckerlies-snacks-hund","9":"first","10":"instock","11":"taxable","12":"shipping-taxable","13":"purchasable","14":"product-type-simple"},"jetpack_sharing_enabled":true,"_links":{"self":[{"href":"https:\/\/xn--pferdundpftchen-itb.de\/woocommerce\/wp-json\/wp\/v2\/product\/2304","targetHints":{"allow":["GET"]}}],"collection":[{"href":"https:\/\/xn--pferdundpftchen-itb.de\/woocommerce\/wp-json\/wp\/v2\/product"}],"about":[{"href":"https:\/\/xn--pferdundpftchen-itb.de\/woocommerce\/wp-json\/wp\/v2\/types\/product"}],"replies":[{"embeddable":true,"href":"https:\/\/xn--pferdundpftchen-itb.de\/woocommerce\/wp-json\/wp\/v2\/comments?post=2304"}],"wp:featuredmedia":[{"embeddable":true,"href":"https:\/\/xn--pferdundpftchen-itb.de\/woocommerce\/wp-json\/wp\/v2\/media\/2291"}],"wp:attachment":[{"href":"https:\/\/xn--pferdundpftchen-itb.de\/woocommerce\/wp-json\/wp\/v2\/media?parent=2304"}],"wp:term":[{"taxonomy":"product_brand","embeddable":true,"href":"https:\/\/xn--pferdundpftchen-itb.de\/woocommerce\/wp-json\/wp\/v2\/product_brand?post=2304"},{"taxonomy":"product_cat","embeddable":true,"href":"https:\/\/xn--pferdundpftchen-itb.de\/woocommerce\/wp-json\/wp\/v2\/product_cat?post=2304"},{"taxonomy":"product_tag","embeddable":true,"href":"https:\/\/xn--pferdundpftchen-itb.de\/woocommerce\/wp-json\/wp\/v2\/product_tag?post=2304"}],"curies":[{"name":"wp","href":"https:\/\/api.w.org\/{rel}","templated":true}]}}