{"id":2305,"date":"2024-07-21T12:18:49","date_gmt":"2024-07-21T10:18:49","guid":{"rendered":"https:\/\/xn--pferdundpftchen-itb.de\/woocommerce\/?post_type=product&#038;p=2305"},"modified":"2025-02-09T19:27:59","modified_gmt":"2025-02-09T18:27:59","slug":"apfelstreifen-einzeln","status":"publish","type":"product","link":"https:\/\/xn--pferdundpftchen-itb.de\/woocommerce\/produkt\/apfelstreifen-einzeln\/","title":{"rendered":"Apfelstreifen, einzeln"},"content":{"rendered":"<p><strong>SANA Dog Apfelstreifen \u2013 Der vegane Snack, den jeder Hund lieben wird!<\/strong><br \/>\nMal was anderes: Vegane Kaustreifen aus gesundem Apfel \u2013 eine leckere Alternative, die aussieht wie Fleisch, aber zu 100 % aus frischen \u00c4pfeln besteht! Auch wenn dein Hund normalerweise keine Fr\u00fcchte mag, werden die veganen Apfelstreifen von SANA Dog ihm garantiert schmecken. Denn die Kombination aus fruchtigem Apfelgeschmack und einer tollen Textur ist einfach unwiderstehlich.<\/p>\n<p><strong>Gesunde Zutaten aus der Region<\/strong><br \/>\nF\u00fcr die Apfelstreifen werden nur sorgf\u00e4ltig ausgew\u00e4hlte \u00c4pfel aus der Region verwendet. Durch den schonenden Herstellungsprozess bleiben alle wertvollen N\u00e4hrstoffe in den \u00c4pfeln erhalten. Diese helfen deinem Hund, gesund und vital zu bleiben, w\u00e4hrend er sich an diesem leckeren Snack erfreut.<\/p>\n<p><strong>Nat\u00fcrliche Inhaltsstoffe f\u00fcr einen gesunden Genuss<\/strong><br \/>\nDie Apfelstreifen werden mit einem Spritzer nat\u00fcrlichen Guar Gum verfeinert \u2013 ein pflanzlicher Inhaltsstoff, der aus den Samen des indischen Cyamopsis-Baumes gewonnen wird. So bleiben die Kaustreifen nicht nur lecker, sondern auch vollkommen nat\u00fcrlich und vegan.<\/p>\n<p><strong>Ein Snack, der gut f\u00fcr Hund und Umwelt ist<\/strong><br \/>\nMit den veganen Apfelstreifen kannst du deinen Hund verw\u00f6hnen und gleichzeitig die Umwelt schonen \u2013 denn die Herstellung von pflanzlichen Snacks verbraucht deutlich weniger Energie als die Produktion von Fleischprodukten.<\/p>\n<p><strong>Fazit<\/strong><br \/>\nLass deinen Hund mit den SANA Dog Apfelstreifen einen gesunden, leckeren Snack genie\u00dfen, der genauso gut f\u00fcr die Gesundheit deines Hundes wie f\u00fcr die Umwelt ist. Einfach fruchtig, einfach vegan \u2013 einfach SANA Dog!<\/p>\n<p>Zusammensetzung: 98% Apfel, 2% Guarkerne.<\/p>\n<p>F\u00fctterungsempfehlung: Als Belohnung oder Snack zwischen den Mahlzeiten. Reduzierung der Futtermenge nach Bedarf. Immer frisches und sauberes Trinkwasser bereitstellen. K\u00fchl und trocken lagern. Nicht f\u00fcr Hunde unter 3 Monaten geeignet.<\/p>\n","protected":false},"excerpt":{"rendered":"<p>SANA Dog Apfelstreifen \u2013 Der vegane Snack, den jeder Hund lieben wird! Mal was anderes: Vegane Kaustreifen aus gesundem Apfel \u2013 eine leckere Alternative, die aussieht wie Fleisch, aber zu 100 % aus frischen \u00c4pfeln besteht! Auch wenn dein Hund normalerweise keine Fr\u00fcchte mag, werden die veganen Apfelstreifen von SANA Dog ihm garantiert schmecken. Denn [&hellip;]<\/p>\n","protected":false},"featured_media":2290,"comment_status":"open","ping_status":"closed","template":"","meta":[],"product_brand":[],"product_cat":[20,68],"product_tag":[],"class_list":{"0":"post-2305","1":"product","2":"type-product","3":"status-publish","4":"has-post-thumbnail","6":"product_cat-hund","7":"product_cat-leckerlies-snacks-hund","9":"first","10":"instock","11":"taxable","12":"shipping-taxable","13":"purchasable","14":"product-type-simple"},"jetpack_sharing_enabled":true,"_links":{"self":[{"href":"https:\/\/xn--pferdundpftchen-itb.de\/woocommerce\/wp-json\/wp\/v2\/product\/2305","targetHints":{"allow":["GET"]}}],"collection":[{"href":"https:\/\/xn--pferdundpftchen-itb.de\/woocommerce\/wp-json\/wp\/v2\/product"}],"about":[{"href":"https:\/\/xn--pferdundpftchen-itb.de\/woocommerce\/wp-json\/wp\/v2\/types\/product"}],"replies":[{"embeddable":true,"href":"https:\/\/xn--pferdundpftchen-itb.de\/woocommerce\/wp-json\/wp\/v2\/comments?post=2305"}],"wp:featuredmedia":[{"embeddable":true,"href":"https:\/\/xn--pferdundpftchen-itb.de\/woocommerce\/wp-json\/wp\/v2\/media\/2290"}],"wp:attachment":[{"href":"https:\/\/xn--pferdundpftchen-itb.de\/woocommerce\/wp-json\/wp\/v2\/media?parent=2305"}],"wp:term":[{"taxonomy":"product_brand","embeddable":true,"href":"https:\/\/xn--pferdundpftchen-itb.de\/woocommerce\/wp-json\/wp\/v2\/product_brand?post=2305"},{"taxonomy":"product_cat","embeddable":true,"href":"https:\/\/xn--pferdundpftchen-itb.de\/woocommerce\/wp-json\/wp\/v2\/product_cat?post=2305"},{"taxonomy":"product_tag","embeddable":true,"href":"https:\/\/xn--pferdundpftchen-itb.de\/woocommerce\/wp-json\/wp\/v2\/product_tag?post=2305"}],"curies":[{"name":"wp","href":"https:\/\/api.w.org\/{rel}","templated":true}]}}