{"id":2306,"date":"2024-07-21T12:20:30","date_gmt":"2024-07-21T10:20:30","guid":{"rendered":"https:\/\/xn--pferdundpftchen-itb.de\/woocommerce\/?post_type=product&#038;p=2306"},"modified":"2025-02-09T19:29:12","modified_gmt":"2025-02-09T18:29:12","slug":"vitalkaustangen-rind","status":"publish","type":"product","link":"https:\/\/xn--pferdundpftchen-itb.de\/woocommerce\/produkt\/vitalkaustangen-rind\/","title":{"rendered":"Vitalkaustangen Rind"},"content":{"rendered":"<p><strong>SANA Dog Vitalkaustangen Rind \u2013 Der nat\u00fcrliche Zahnpflegesnack f\u00fcr deinen Hund!<\/strong><br \/>\nDie Vitalkaustangen aus Naturrinderhaut und leckerem Rindfleisch sind nicht nur ein Genuss f\u00fcr deinen Hund, sondern auch ein praktischer Helfer f\u00fcr die Zahnhygiene. Mit ihrer festen Textur und der speziellen Rille an der Seite verringern sie durch den Abrieb beim Kauen und den erh\u00f6hten Speichelfluss effektiv die Bildung von Zahnstein \u2013 ganz auf nat\u00fcrliche Weise.<\/p>\n<p><strong>Zahnpflege leicht gemacht<\/strong><br \/>\nDie Zahnhygiene deines Hundes sollte nicht vernachl\u00e4ssigt werden. Mit den SANA Dog Vitalkaustangen kannst du die Zahnpflege deines Hundes auf gesunde, nat\u00fcrliche Weise unterst\u00fctzen. Die besondere Struktur der Kaustangen f\u00f6rdert die Zahnreinigung und tr\u00e4gt dazu bei, die Z\u00e4hne deines Hundes langfristig gesund zu halten.<\/p>\n<p><strong>Mehr als nur Zahnpflege \u2013 Vitalit\u00e4t und Gesundheit<\/strong><br \/>\nWarum hei\u00dfen sie \u201eVitalkaustangen\u201c? Weil sie nicht nur f\u00fcr gesunde Z\u00e4hne sorgen, sondern auch eine Vielzahl von funktionalen Vorteilen f\u00fcr die Gesundheit deines Hundes bieten. Die nat\u00fcrliche Rinderhaut enth\u00e4lt hochwertiges Kollagen \u2013 ein Strukturprotein, das f\u00fcr die Festigkeit von Bindegewebe, Sehnen, B\u00e4ndern, Knorpel, Knochen und sogar Z\u00e4hnen unerl\u00e4sslich ist. Mit jeder Kaustange unterst\u00fctzt du die gesunde Entwicklung und den Erhalt der Vitalit\u00e4t deines Hundes.<\/p>\n<p><strong>Nat\u00fcrlich, gesund und ohne Zusatzstoffe<\/strong><br \/>\nUnsere Vitalkaustangen werden ohne Mais, Weizen, Soja, Farbstoffe, Konservierungsstoffe oder Fleischmehle hergestellt. In der eigenen Manufaktur werden sie schonend luftgetrocknet \u2013 eine moderne Methode zur Konservierung, die auf jahrhundertealten Fleischkonservierungstechniken basiert. So bleiben alle N\u00e4hrstoffe in den Rohstoffen erhalten und tragen dazu bei, dass dein Hund lange gesund und vital bleibt.<\/p>\n<p><strong>Regional und r\u00fcckverfolgbar<\/strong><br \/>\nDas Rindfleisch und die Naturrinderhaut stammen aus sorgf\u00e4ltig ausgew\u00e4hlten, lokalen Quellen und sind zu 100 % r\u00fcckverfolgbar. So kannst du sicher sein, dass nur beste Qualit\u00e4t in die Kaustangen kommt.<\/p>\n<p><strong>Fazit<\/strong><br \/>\nVerw\u00f6hne deinen Hund mit den SANA Dog Vitalkaustangen Rind \u2013 einem nat\u00fcrlichen, gesunden Snack, der die Zahnpflege unterst\u00fctzt und zus\u00e4tzlich die Vitalit\u00e4t und Gesundheit deines Hundes f\u00f6rdert. Ein perfekter Snack f\u00fcr Hunde, die auf nat\u00fcrliche Weise ihre Z\u00e4hne sauber halten wollen!<\/p>\n<p>Inhalt: 150g<\/p>\n<p>Zusammensetzung: 85% Rinderhaut, 15% Rindfleisch.<\/p>\n<p>F\u00fctterungsempfehlung: Als Belohnung oder Snack zwischen den Mahlzeiten. Reduzierung der Futtermenge nach Bedarf. Immer frisches und sauberes Trinkwasser bereitstellen. K\u00fchl und trocken lagern. Nicht f\u00fcr Hunde unter 3 Monaten geeignet.<\/p>\n","protected":false},"excerpt":{"rendered":"<p>SANA Dog Vitalkaustangen Rind \u2013 Der nat\u00fcrliche Zahnpflegesnack f\u00fcr deinen Hund! Die Vitalkaustangen aus Naturrinderhaut und leckerem Rindfleisch sind nicht nur ein Genuss f\u00fcr deinen Hund, sondern auch ein praktischer Helfer f\u00fcr die Zahnhygiene. Mit ihrer festen Textur und der speziellen Rille an der Seite verringern sie durch den Abrieb beim Kauen und den erh\u00f6hten [&hellip;]<\/p>\n","protected":false},"featured_media":2296,"comment_status":"open","ping_status":"closed","template":"","meta":[],"product_brand":[],"product_cat":[20,68,30],"product_tag":[],"class_list":{"0":"post-2306","1":"product","2":"type-product","3":"status-publish","4":"has-post-thumbnail","6":"product_cat-hund","7":"product_cat-leckerlies-snacks-hund","8":"product_cat-zaehne-maul","10":"first","11":"instock","12":"taxable","13":"shipping-taxable","14":"purchasable","15":"product-type-simple"},"jetpack_sharing_enabled":true,"_links":{"self":[{"href":"https:\/\/xn--pferdundpftchen-itb.de\/woocommerce\/wp-json\/wp\/v2\/product\/2306","targetHints":{"allow":["GET"]}}],"collection":[{"href":"https:\/\/xn--pferdundpftchen-itb.de\/woocommerce\/wp-json\/wp\/v2\/product"}],"about":[{"href":"https:\/\/xn--pferdundpftchen-itb.de\/woocommerce\/wp-json\/wp\/v2\/types\/product"}],"replies":[{"embeddable":true,"href":"https:\/\/xn--pferdundpftchen-itb.de\/woocommerce\/wp-json\/wp\/v2\/comments?post=2306"}],"wp:featuredmedia":[{"embeddable":true,"href":"https:\/\/xn--pferdundpftchen-itb.de\/woocommerce\/wp-json\/wp\/v2\/media\/2296"}],"wp:attachment":[{"href":"https:\/\/xn--pferdundpftchen-itb.de\/woocommerce\/wp-json\/wp\/v2\/media?parent=2306"}],"wp:term":[{"taxonomy":"product_brand","embeddable":true,"href":"https:\/\/xn--pferdundpftchen-itb.de\/woocommerce\/wp-json\/wp\/v2\/product_brand?post=2306"},{"taxonomy":"product_cat","embeddable":true,"href":"https:\/\/xn--pferdundpftchen-itb.de\/woocommerce\/wp-json\/wp\/v2\/product_cat?post=2306"},{"taxonomy":"product_tag","embeddable":true,"href":"https:\/\/xn--pferdundpftchen-itb.de\/woocommerce\/wp-json\/wp\/v2\/product_tag?post=2306"}],"curies":[{"name":"wp","href":"https:\/\/api.w.org\/{rel}","templated":true}]}}