{"id":2314,"date":"2024-08-16T10:20:00","date_gmt":"2024-08-16T08:20:00","guid":{"rendered":"https:\/\/xn--pferdundpftchen-itb.de\/woocommerce\/?post_type=product&#038;p=2314"},"modified":"2025-01-02T19:37:34","modified_gmt":"2025-01-02T18:37:34","slug":"euphrasia-augenpflege-tuecher","status":"publish","type":"product","link":"https:\/\/xn--pferdundpftchen-itb.de\/woocommerce\/produkt\/euphrasia-augenpflege-tuecher\/","title":{"rendered":"Euphrasia Augenpflege T\u00fccher"},"content":{"rendered":"<p><strong>Euphrasia Augenpfleget\u00fccher \u2013 Sanfte Pflege f\u00fcr die Augen Deines Tieres<\/strong><\/p>\n<div class=\"group\/conversation-turn relative flex w-full min-w-0 flex-col agent-turn\">\n<div class=\"flex-col gap-1 md:gap-3\">\n<div class=\"flex max-w-full flex-col flex-grow\">\n<div class=\"min-h-8 text-message flex w-full flex-col items-end gap-2 whitespace-normal break-words text-start [.text-message+&amp;]:mt-5\" dir=\"auto\" data-message-author-role=\"assistant\" data-message-id=\"decf78c8-af71-40a1-973d-c529082ad1a5\" data-message-model-slug=\"gpt-4o-mini\">\n<div class=\"flex w-full flex-col gap-1 empty:hidden first:pt-[3px]\">\n<div class=\"markdown prose w-full break-words dark:prose-invert light\">\n<p>Die Augen Deines Tieres sind besonders empfindlich und ben\u00f6tigen eine behutsame Pflege. Mit den <em>Euphrasia Augenpfleget\u00fcchern<\/em> gibst Du Deinem Liebling die sanfte Reinigung, die er verdient. Diese speziell entwickelten T\u00fccher sorgen f\u00fcr die regelm\u00e4\u00dfige und schonende Pflege der Augenpartie \u2013 ideal f\u00fcr alle Tierarten, auch f\u00fcr besonders sensible Tiere.<\/p>\n<p><strong>Warum sind die <em>Euphrasia Augenpfleget\u00fccher<\/em> die perfekte Wahl?<\/strong><\/p>\n<ul>\n<li><strong>Sanfte Reinigung f\u00fcr das Auge:<\/strong> Die T\u00fccher entfernen sanft Verschmutzungen und Ablagerungen rund um die Augen, ohne zu reizen oder die empfindliche Haut zu belasten.<\/li>\n<li><strong>Mit Rosenwasser &amp; Euphrasia (Augentrost):<\/strong> Diese nat\u00fcrlichen Inhaltsstoffe pflegen und beruhigen die Augenpartie auf pflanzlicher Basis. Rosenwasser wirkt feuchtigkeitsspendend, w\u00e4hrend Euphrasia die Augen beruhigt.<\/li>\n<li><strong>F\u00fcr sensible Tiere geeignet:<\/strong> Perfekt f\u00fcr Tiere mit empfindlicher Haut oder Augen, da sie frei von Silikon, Paraffin und PEG sind \u2013 und damit besonders sanft und vertr\u00e4glich.<\/li>\n<li><strong>T\u00e4gliche Anwendung:<\/strong> Die <em>Euphrasia Augenpfleget\u00fccher<\/em> sind ideal f\u00fcr die t\u00e4gliche Anwendung, um die Augen Deines Tieres stets sauber und gesund zu halten.<\/li>\n<li><strong>Frei von Tierversuchen:<\/strong> Du kannst Dir sicher sein, dass diese T\u00fccher ohne Tierversuche entwickelt wurden, und Deinem Tier nur das Beste bieten.<\/li>\n<\/ul>\n<p><strong>Inhalt:<\/strong> 16 praktische T\u00fccher f\u00fcr eine gr\u00fcndliche und schonende Reinigung.<\/p>\n<p><strong><em>Euphrasia Augenpfleget\u00fcchern<\/em> f\u00fcr gesunde und gepflegte Augenpartien.<\/strong><\/p>\n<\/div>\n<\/div>\n<\/div>\n<\/div>\n<\/div>\n<\/div>\n<p>Zusammensetzung: W\u00e4ssriger Auszug aus Augentrost, Natriumchlorid, Rosenwasser, Glycerin pflanzlich<\/p>\n<p>Anwendung: Das Augenpflege-Tuch auf das geschlossene Auge auflegen und in Richtung Nase wischen. T\u00e4gliche Anwendung m\u00f6glich.<\/p>\n","protected":false},"excerpt":{"rendered":"<p>Euphrasia Augenpfleget\u00fccher \u2013 Sanfte Pflege f\u00fcr die Augen Deines Tieres Die Augen Deines Tieres sind besonders empfindlich und ben\u00f6tigen eine behutsame Pflege. Mit den Euphrasia Augenpfleget\u00fcchern gibst Du Deinem Liebling die sanfte Reinigung, die er verdient. Diese speziell entwickelten T\u00fccher sorgen f\u00fcr die regelm\u00e4\u00dfige und schonende Pflege der Augenpartie \u2013 ideal f\u00fcr alle Tierarten, auch [&hellip;]<\/p>\n","protected":false},"featured_media":2315,"comment_status":"open","ping_status":"closed","template":"","meta":[],"product_brand":[],"product_cat":[15,40,20,38,21,45],"product_tag":[],"class_list":{"0":"post-2314","1":"product","2":"type-product","3":"status-publish","4":"has-post-thumbnail","6":"product_cat-pferd","7":"product_cat-pflege-aeusserliche-anwendung-pferd","8":"product_cat-hund","9":"product_cat-pflege-aeuserliche-anwendung","10":"product_cat-katze","11":"product_cat-pflege-aeusserliche-anwendung-katze","13":"first","14":"instock","15":"taxable","16":"shipping-taxable","17":"purchasable","18":"product-type-simple"},"jetpack_sharing_enabled":true,"_links":{"self":[{"href":"https:\/\/xn--pferdundpftchen-itb.de\/woocommerce\/wp-json\/wp\/v2\/product\/2314","targetHints":{"allow":["GET"]}}],"collection":[{"href":"https:\/\/xn--pferdundpftchen-itb.de\/woocommerce\/wp-json\/wp\/v2\/product"}],"about":[{"href":"https:\/\/xn--pferdundpftchen-itb.de\/woocommerce\/wp-json\/wp\/v2\/types\/product"}],"replies":[{"embeddable":true,"href":"https:\/\/xn--pferdundpftchen-itb.de\/woocommerce\/wp-json\/wp\/v2\/comments?post=2314"}],"wp:featuredmedia":[{"embeddable":true,"href":"https:\/\/xn--pferdundpftchen-itb.de\/woocommerce\/wp-json\/wp\/v2\/media\/2315"}],"wp:attachment":[{"href":"https:\/\/xn--pferdundpftchen-itb.de\/woocommerce\/wp-json\/wp\/v2\/media?parent=2314"}],"wp:term":[{"taxonomy":"product_brand","embeddable":true,"href":"https:\/\/xn--pferdundpftchen-itb.de\/woocommerce\/wp-json\/wp\/v2\/product_brand?post=2314"},{"taxonomy":"product_cat","embeddable":true,"href":"https:\/\/xn--pferdundpftchen-itb.de\/woocommerce\/wp-json\/wp\/v2\/product_cat?post=2314"},{"taxonomy":"product_tag","embeddable":true,"href":"https:\/\/xn--pferdundpftchen-itb.de\/woocommerce\/wp-json\/wp\/v2\/product_tag?post=2314"}],"curies":[{"name":"wp","href":"https:\/\/api.w.org\/{rel}","templated":true}]}}