{"id":2471,"date":"2025-01-02T19:03:15","date_gmt":"2025-01-02T18:03:15","guid":{"rendered":"https:\/\/xn--pferdundpftchen-itb.de\/woocommerce\/?post_type=product&#038;p=2471"},"modified":"2025-01-02T19:03:15","modified_gmt":"2025-01-02T18:03:15","slug":"bio-loewenzahnsaft","status":"publish","type":"product","link":"https:\/\/xn--pferdundpftchen-itb.de\/woocommerce\/produkt\/bio-loewenzahnsaft\/","title":{"rendered":"Bio &#8211; L\u00f6wenzahnsaft"},"content":{"rendered":"<p>Entdecke die Kraft des L\u00f6wenzahnsafts f\u00fcr Dein Tier!<\/p>\n<p>Suchst\u00a0Du\u00a0nach\u00a0einer\u00a0nat\u00fcrlichen\u00a0Unterst\u00fctzung\u00a0f\u00fcr\u00a0die\u00a0Gesundheit\u00a0Deines\u00a0geliebten\u00a0Haustiers?\u00a0Unser\u00a0hochwertiger\u00a0L\u00f6wenzahnsaft\u00a0ist\u00a0die\u00a0perfekte\u00a0Wahl!\u00a0Dieser\u00a0Saft\u00a0ist\u00a0f\u00fcr\u00a0alle\u00a0Tierarten\u00a0geeignet\u00a0und\u00a0bietet\u00a0eine\u00a0sanfte,\u00a0aber\u00a0effektive\u00a0Wirkung\u00a0auf\u00a0die\u00a0inneren\u00a0Organe.<\/p>\n<p>L\u00f6wenzahn\u00a0ist\u00a0bekannt\u00a0f\u00fcr\u00a0seine\u00a0positiven\u00a0Eigenschaften,\u00a0insbesondere\u00a0zur\u00a0Anregung\u00a0von\u00a0Leber\u00a0und\u00a0Nieren.\u00a0Er\u00a0hilft,\u00a0die\u00a0Entgiftungsprozesse\u00a0zu\u00a0unterst\u00fctzen\u00a0und\u00a0sorgt\u00a0daf\u00fcr,\u00a0dass\u00a0Dein\u00a0Tier\u00a0sich\u00a0rundum\u00a0wohlf\u00fchlt.\u00a0Egal,\u00a0ob\u00a0Hund,\u00a0Katze,\u00a0Pferd\u00a0oder\u00a0andere\u00a0Tiere\u00a0\u2013\u00a0unser\u00a0L\u00f6wenzahnsaft\u00a0ist\u00a0eine\u00a0wertvolle\u00a0Erg\u00e4nzung\u00a0zur\u00a0t\u00e4glichen\u00a0F\u00fctterung.<\/p>\n<p>Die\u00a0sanfte\u00a0Wirkung\u00a0des\u00a0L\u00f6wenzahns\u00a0f\u00f6rdert\u00a0nicht\u00a0nur\u00a0die\u00a0Gesundheit\u00a0der\u00a0inneren\u00a0Organe,\u00a0sondern\u00a0kann\u00a0auch\u00a0das\u00a0allgemeine\u00a0Wohlbefinden\u00a0Deines\u00a0Tieres\u00a0steigern.\u00a0Gib\u00a0Deinem\u00a0Tier\u00a0die\u00a0nat\u00fcrliche\u00a0Pflege,\u00a0die\u00a0es\u00a0verdient,\u00a0und\u00a0unterst\u00fctze\u00a0seine\u00a0Vitalit\u00e4t\u00a0mit\u00a0unserem\u00a0L\u00f6wenzahnsaft!<\/p>\n<p>Bestelle\u00a0jetzt\u00a0und\u00a0tu\u00a0Deinem\u00a0Tier\u00a0etwas\u00a0Gutes!<\/p>\n<p>&nbsp;<\/p>\n<p>Zusammensetzung: 100 % Bio-L\u00f6wenzahnsaft (Taraxacum officinale).<\/p>\n<p>F\u00fctterungsempfehlung:<\/p>\n<p>Gib den Bio-L\u00f6wenzahnsaft 2 mal t\u00e4glich \u00fcber das Futter oder verabreichen Sie ihn direkt mit einer Pipette oder Maulspritze.<br \/>\nKatzen:<br \/>\n\u00b1 4 kg K\u00f6rpergewicht = 15 Tropfen.<br \/>\nHunde:<br \/>\n\u00b1 15 kg K\u00f6rpergewicht = 3 &#8211; 6 ml<br \/>\n\u00b1 30 kg K\u00f6rpergewicht = 10 &#8211; 20 ml<br \/>\nPferde:<br \/>\n\u2264 400 kg K\u00f6rpergewicht = 20 ml<br \/>\n= 500-600 kg K\u00f6rpergewicht = 30 ml<br \/>\n\u2265 700 kg K\u00f6rpergewicht = 40 ml<\/p>\n<p>3 ml entsprechen 1 Teel\u00f6ffel<br \/>\n10 ml entsprechen 1 Essl\u00f6ffel<\/p>\n<p>&nbsp;<\/p>\n","protected":false},"excerpt":{"rendered":"<p>Entdecke die Kraft des L\u00f6wenzahnsafts f\u00fcr Dein Tier! Suchst\u00a0Du\u00a0nach\u00a0einer\u00a0nat\u00fcrlichen\u00a0Unterst\u00fctzung\u00a0f\u00fcr\u00a0die\u00a0Gesundheit\u00a0Deines\u00a0geliebten\u00a0Haustiers?\u00a0Unser\u00a0hochwertiger\u00a0L\u00f6wenzahnsaft\u00a0ist\u00a0die\u00a0perfekte\u00a0Wahl!\u00a0Dieser\u00a0Saft\u00a0ist\u00a0f\u00fcr\u00a0alle\u00a0Tierarten\u00a0geeignet\u00a0und\u00a0bietet\u00a0eine\u00a0sanfte,\u00a0aber\u00a0effektive\u00a0Wirkung\u00a0auf\u00a0die\u00a0inneren\u00a0Organe. L\u00f6wenzahn\u00a0ist\u00a0bekannt\u00a0f\u00fcr\u00a0seine\u00a0positiven\u00a0Eigenschaften,\u00a0insbesondere\u00a0zur\u00a0Anregung\u00a0von\u00a0Leber\u00a0und\u00a0Nieren.\u00a0Er\u00a0hilft,\u00a0die\u00a0Entgiftungsprozesse\u00a0zu\u00a0unterst\u00fctzen\u00a0und\u00a0sorgt\u00a0daf\u00fcr,\u00a0dass\u00a0Dein\u00a0Tier\u00a0sich\u00a0rundum\u00a0wohlf\u00fchlt.\u00a0Egal,\u00a0ob\u00a0Hund,\u00a0Katze,\u00a0Pferd\u00a0oder\u00a0andere\u00a0Tiere\u00a0\u2013\u00a0unser\u00a0L\u00f6wenzahnsaft\u00a0ist\u00a0eine\u00a0wertvolle\u00a0Erg\u00e4nzung\u00a0zur\u00a0t\u00e4glichen\u00a0F\u00fctterung. Die\u00a0sanfte\u00a0Wirkung\u00a0des\u00a0L\u00f6wenzahns\u00a0f\u00f6rdert\u00a0nicht\u00a0nur\u00a0die\u00a0Gesundheit\u00a0der\u00a0inneren\u00a0Organe,\u00a0sondern\u00a0kann\u00a0auch\u00a0das\u00a0allgemeine\u00a0Wohlbefinden\u00a0Deines\u00a0Tieres\u00a0steigern.\u00a0Gib\u00a0Deinem\u00a0Tier\u00a0die\u00a0nat\u00fcrliche\u00a0Pflege,\u00a0die\u00a0es\u00a0verdient,\u00a0und\u00a0unterst\u00fctze\u00a0seine\u00a0Vitalit\u00e4t\u00a0mit\u00a0unserem\u00a0L\u00f6wenzahnsaft! Bestelle\u00a0jetzt\u00a0und\u00a0tu\u00a0Deinem\u00a0Tier\u00a0etwas\u00a0Gutes! &nbsp; Zusammensetzung: 100 % Bio-L\u00f6wenzahnsaft (Taraxacum officinale). F\u00fctterungsempfehlung: Gib den Bio-L\u00f6wenzahnsaft 2 mal t\u00e4glich \u00fcber das Futter oder verabreichen Sie ihn direkt mit einer Pipette oder Maulspritze. Katzen: \u00b1 4 kg K\u00f6rpergewicht = 15 Tropfen. Hunde: \u00b1 15 kg K\u00f6rpergewicht = 3 &#8211; [&hellip;]<\/p>\n","protected":false},"featured_media":804,"comment_status":"open","ping_status":"closed","template":"","meta":[],"product_brand":[],"product_cat":[15,48,64,33,20,42,60,28,21,63,62,61],"product_tag":[],"class_list":{"0":"post-2471","1":"product","2":"type-product","3":"status-publish","4":"has-post-thumbnail","6":"product_cat-pferd","7":"product_cat-ausleitung-entgiftung-pferd","8":"product_cat-leber-niere-pferd","9":"product_cat-magen-verdauung-pferd","10":"product_cat-hund","11":"product_cat-ausleitung-entgiftung","12":"product_cat-leber-niere","13":"product_cat-magen-verdauung","14":"product_cat-katze","15":"product_cat-ausleitung-entgiftung-katze","16":"product_cat-leber-niere-katze","17":"product_cat-magen-verdauung-katze","19":"first","20":"instock","21":"taxable","22":"shipping-taxable","23":"purchasable","24":"product-type-variable"},"jetpack_sharing_enabled":true,"_links":{"self":[{"href":"https:\/\/xn--pferdundpftchen-itb.de\/woocommerce\/wp-json\/wp\/v2\/product\/2471","targetHints":{"allow":["GET"]}}],"collection":[{"href":"https:\/\/xn--pferdundpftchen-itb.de\/woocommerce\/wp-json\/wp\/v2\/product"}],"about":[{"href":"https:\/\/xn--pferdundpftchen-itb.de\/woocommerce\/wp-json\/wp\/v2\/types\/product"}],"replies":[{"embeddable":true,"href":"https:\/\/xn--pferdundpftchen-itb.de\/woocommerce\/wp-json\/wp\/v2\/comments?post=2471"}],"wp:featuredmedia":[{"embeddable":true,"href":"https:\/\/xn--pferdundpftchen-itb.de\/woocommerce\/wp-json\/wp\/v2\/media\/804"}],"wp:attachment":[{"href":"https:\/\/xn--pferdundpftchen-itb.de\/woocommerce\/wp-json\/wp\/v2\/media?parent=2471"}],"wp:term":[{"taxonomy":"product_brand","embeddable":true,"href":"https:\/\/xn--pferdundpftchen-itb.de\/woocommerce\/wp-json\/wp\/v2\/product_brand?post=2471"},{"taxonomy":"product_cat","embeddable":true,"href":"https:\/\/xn--pferdundpftchen-itb.de\/woocommerce\/wp-json\/wp\/v2\/product_cat?post=2471"},{"taxonomy":"product_tag","embeddable":true,"href":"https:\/\/xn--pferdundpftchen-itb.de\/woocommerce\/wp-json\/wp\/v2\/product_tag?post=2471"}],"curies":[{"name":"wp","href":"https:\/\/api.w.org\/{rel}","templated":true}]}}