{"id":2517,"date":"2025-01-23T09:13:10","date_gmt":"2025-01-23T08:13:10","guid":{"rendered":"https:\/\/xn--pferdundpftchen-itb.de\/woocommerce\/?post_type=product&#038;p=2517"},"modified":"2025-01-23T09:13:10","modified_gmt":"2025-01-23T08:13:10","slug":"pfoetchencreme","status":"publish","type":"product","link":"https:\/\/xn--pferdundpftchen-itb.de\/woocommerce\/produkt\/pfoetchencreme\/","title":{"rendered":"Pf\u00f6tchencreme"},"content":{"rendered":"<p><strong>Pf\u00f6tchencreme \u2013 Nat\u00fcrliche Pflege f\u00fcr die Ballen deines Hundes<\/strong><\/p>\n<p>Trockene, spr\u00f6de Ballen oder rissige Hautstellen? Unsere Pf\u00f6tchencreme ist die ideale L\u00f6sung, um die empfindlichen Pfoten deines Hundes wieder geschmeidig zu machen \u2013 besonders in der kalten Jahreszeit!<\/p>\n<p>Dank wertvoller Kr\u00e4uterausz\u00fcge aus Schafgarbe, Limone, Olive, Beinwell, Gew\u00fcrznelke, Ringelblume und Thymian bietet die Creme intensive Pflege, zieht schnell ein und hinterl\u00e4sst keine Fettflecken. Keine Sorge: Dein Hund wird sie nicht ablecken, denn die Creme bleibt da, wo sie hingeh\u00f6rt \u2013 auf den Pfoten.<\/p>\n<p>Perfekt f\u00fcr den Winter! Sie sch\u00fctzt vor rissigen Ballen durch Streusalz und verhindert Wundlecken. Auf pflanzlicher Basis hergestellt, komplett frei von Silikon, Paraffin und PEG \u2013 und nat\u00fcrlich ohne Tierversuche.<\/p>\n<p><strong>Sanfte Pflege f\u00fcr jede Pfote \u2013 f\u00fcr ein wohliges Gef\u00fchl bei jedem Schritt!<\/strong><\/p>\n<p>Zusammensetzung: Pflanzenausz\u00fcge aus Schafgarbe, Limone, Olive, Beinwell, Gew\u00fcrznelke, Ringelblume, Thymian.<\/p>\n<p>Anwendung: D\u00fcnn auf die Ballen auftragen. Auch zur Pflege juckender trockener Hautstellen.<\/p>\n","protected":false},"excerpt":{"rendered":"<p>Pf\u00f6tchencreme \u2013 Nat\u00fcrliche Pflege f\u00fcr die Ballen deines Hundes Trockene, spr\u00f6de Ballen oder rissige Hautstellen? Unsere Pf\u00f6tchencreme ist die ideale L\u00f6sung, um die empfindlichen Pfoten deines Hundes wieder geschmeidig zu machen \u2013 besonders in der kalten Jahreszeit! Dank wertvoller Kr\u00e4uterausz\u00fcge aus Schafgarbe, Limone, Olive, Beinwell, Gew\u00fcrznelke, Ringelblume und Thymian bietet die Creme intensive Pflege, zieht [&hellip;]<\/p>\n","protected":false},"featured_media":2518,"comment_status":"open","ping_status":"closed","template":"","meta":[],"product_brand":[],"product_cat":[20,38,43],"product_tag":[],"class_list":{"0":"post-2517","1":"product","2":"type-product","3":"status-publish","4":"has-post-thumbnail","6":"product_cat-hund","7":"product_cat-pflege-aeuserliche-anwendung","8":"product_cat-haut-fell","10":"first","11":"instock","12":"taxable","13":"shipping-taxable","14":"purchasable","15":"product-type-simple"},"jetpack_sharing_enabled":true,"_links":{"self":[{"href":"https:\/\/xn--pferdundpftchen-itb.de\/woocommerce\/wp-json\/wp\/v2\/product\/2517","targetHints":{"allow":["GET"]}}],"collection":[{"href":"https:\/\/xn--pferdundpftchen-itb.de\/woocommerce\/wp-json\/wp\/v2\/product"}],"about":[{"href":"https:\/\/xn--pferdundpftchen-itb.de\/woocommerce\/wp-json\/wp\/v2\/types\/product"}],"replies":[{"embeddable":true,"href":"https:\/\/xn--pferdundpftchen-itb.de\/woocommerce\/wp-json\/wp\/v2\/comments?post=2517"}],"wp:featuredmedia":[{"embeddable":true,"href":"https:\/\/xn--pferdundpftchen-itb.de\/woocommerce\/wp-json\/wp\/v2\/media\/2518"}],"wp:attachment":[{"href":"https:\/\/xn--pferdundpftchen-itb.de\/woocommerce\/wp-json\/wp\/v2\/media?parent=2517"}],"wp:term":[{"taxonomy":"product_brand","embeddable":true,"href":"https:\/\/xn--pferdundpftchen-itb.de\/woocommerce\/wp-json\/wp\/v2\/product_brand?post=2517"},{"taxonomy":"product_cat","embeddable":true,"href":"https:\/\/xn--pferdundpftchen-itb.de\/woocommerce\/wp-json\/wp\/v2\/product_cat?post=2517"},{"taxonomy":"product_tag","embeddable":true,"href":"https:\/\/xn--pferdundpftchen-itb.de\/woocommerce\/wp-json\/wp\/v2\/product_tag?post=2517"}],"curies":[{"name":"wp","href":"https:\/\/api.w.org\/{rel}","templated":true}]}}