{"id":2521,"date":"2025-01-24T17:11:07","date_gmt":"2025-01-24T16:11:07","guid":{"rendered":"https:\/\/xn--pferdundpftchen-itb.de\/woocommerce\/?post_type=product&#038;p=2521"},"modified":"2025-01-24T17:11:08","modified_gmt":"2025-01-24T16:11:08","slug":"goodsmith-grundplatte-mit-gitter-schneegrip","status":"publish","type":"product","link":"https:\/\/xn--pferdundpftchen-itb.de\/woocommerce\/produkt\/goodsmith-grundplatte-mit-gitter-schneegrip\/","title":{"rendered":"Goodsmith Grundplatte mit Gitter &#038; Schneegrip"},"content":{"rendered":"<p><strong>Goodsmith Grundplatten \u2013 Die smarte Basis f\u00fcr gesunde Pferdehufe<\/strong><\/p>\n<p>Mit den Goodsmith Grundplatten setzt du auf eine innovative und schonende Alternative zu klassischen Hufeisen. Die flexiblen Klebebeschl\u00e4ge sch\u00fctzen nicht nur die Hufe deines Pferdes, sondern f\u00f6rdern auch die nat\u00fcrliche Bewegung und Durchblutung. Dadurch bleiben die Hufqualit\u00e4t und die Versorgung von Beinen und Gelenken optimal erhalten \u2013 f\u00fcr mehr Gesundheit und Wohlbefinden deines Pferdes.<\/p>\n<p>\u2714 <strong>Flexible Unterst\u00fctzung des Hufmechanismus<\/strong> \u2013 die nat\u00fcrliche Bewegung des Hufs bleibt bestm\u00f6glich erhalten<br \/>\n\u2714 <strong>Robust &amp; langlebig<\/strong> \u2013 hohe Abriebfestigkeit dank TPU-X<br \/>\n\u2714 <strong>Sicherer Grip<\/strong> \u2013 nat\u00fcrlicher Halt ohne abruptes Aufstoppen<br \/>\n\u2714 <strong>Leicht &amp; LPO-konform<\/strong> \u2013 ideal auch f\u00fcr den Sporteinsatz<br \/>\n\u2714 <strong>Vielseitig kompatibel<\/strong> \u2013 passend f\u00fcr g\u00e4ngige Laschensysteme<br \/>\n\u2714 <strong>Anpassbar<\/strong> \u2013 mit optionalem, heraustrennbarem Innengitter<\/p>\n<p>Die Goodsmith Grundplatte ist die Basis f\u00fcr alle Goodsmith Produkte und bildet den ersten Schritt zu einem Klebebeschlag, der den Huf sch\u00fctzt, die Hufpumpe unterst\u00fctzt und die Flexibilit\u00e4t erh\u00e4lt. F\u00fcr Pferde, die gesund und leistungsf\u00e4hig bleiben sollen \u2013 Schritt f\u00fcr Schritt.<\/p>\n<p>In verschiedenen Gr\u00f6\u00dfen erh\u00e4ltlich und anpassbar.<\/p>\n<p>Der Preis bezieht sich auf eine einzelne Platte.<\/p>\n","protected":false},"excerpt":{"rendered":"<p>Goodsmith Grundplatten \u2013 Die smarte Basis f\u00fcr gesunde Pferdehufe Mit den Goodsmith Grundplatten setzt du auf eine innovative und schonende Alternative zu klassischen Hufeisen. Die flexiblen Klebebeschl\u00e4ge sch\u00fctzen nicht nur die Hufe deines Pferdes, sondern f\u00f6rdern auch die nat\u00fcrliche Bewegung und Durchblutung. Dadurch bleiben die Hufqualit\u00e4t und die Versorgung von Beinen und Gelenken optimal erhalten [&hellip;]<\/p>\n","protected":false},"featured_media":2526,"comment_status":"open","ping_status":"closed","template":"","meta":[],"product_brand":[],"product_cat":[15,81],"product_tag":[],"class_list":{"0":"post-2521","1":"product","2":"type-product","3":"status-publish","4":"has-post-thumbnail","6":"product_cat-pferd","7":"product_cat-zubehoer-pferd","9":"first","10":"instock","11":"taxable","12":"shipping-taxable","13":"purchasable","14":"product-type-variable"},"jetpack_sharing_enabled":true,"_links":{"self":[{"href":"https:\/\/xn--pferdundpftchen-itb.de\/woocommerce\/wp-json\/wp\/v2\/product\/2521","targetHints":{"allow":["GET"]}}],"collection":[{"href":"https:\/\/xn--pferdundpftchen-itb.de\/woocommerce\/wp-json\/wp\/v2\/product"}],"about":[{"href":"https:\/\/xn--pferdundpftchen-itb.de\/woocommerce\/wp-json\/wp\/v2\/types\/product"}],"replies":[{"embeddable":true,"href":"https:\/\/xn--pferdundpftchen-itb.de\/woocommerce\/wp-json\/wp\/v2\/comments?post=2521"}],"wp:featuredmedia":[{"embeddable":true,"href":"https:\/\/xn--pferdundpftchen-itb.de\/woocommerce\/wp-json\/wp\/v2\/media\/2526"}],"wp:attachment":[{"href":"https:\/\/xn--pferdundpftchen-itb.de\/woocommerce\/wp-json\/wp\/v2\/media?parent=2521"}],"wp:term":[{"taxonomy":"product_brand","embeddable":true,"href":"https:\/\/xn--pferdundpftchen-itb.de\/woocommerce\/wp-json\/wp\/v2\/product_brand?post=2521"},{"taxonomy":"product_cat","embeddable":true,"href":"https:\/\/xn--pferdundpftchen-itb.de\/woocommerce\/wp-json\/wp\/v2\/product_cat?post=2521"},{"taxonomy":"product_tag","embeddable":true,"href":"https:\/\/xn--pferdundpftchen-itb.de\/woocommerce\/wp-json\/wp\/v2\/product_tag?post=2521"}],"curies":[{"name":"wp","href":"https:\/\/api.w.org\/{rel}","templated":true}]}}