{"id":2538,"date":"2025-01-24T17:15:26","date_gmt":"2025-01-24T16:15:26","guid":{"rendered":"https:\/\/xn--pferdundpftchen-itb.de\/woocommerce\/?post_type=product&#038;p=2538"},"modified":"2025-01-24T17:15:39","modified_gmt":"2025-01-24T16:15:39","slug":"klebelaschen-perma-xt-2-stueck","status":"publish","type":"product","link":"https:\/\/xn--pferdundpftchen-itb.de\/woocommerce\/produkt\/klebelaschen-perma-xt-2-stueck\/","title":{"rendered":"Klebelaschen Perma XT (2 St\u00fcck)"},"content":{"rendered":"<p><strong>Klebelaschen Perma XT \u2013 Perfekte Verbindung f\u00fcr gesunde Hufe<\/strong><\/p>\n<p>Die Klebelaschen Perma XT sind die ideale Erg\u00e4nzung zu den Goodsmith Grundplatten und sorgen f\u00fcr einen zuverl\u00e4ssigen und flexiblen Halt deines Klebebeschlags. Dank ihrer innovativen XT-Schicht bieten sie eine elastische Entkopplung, die sich optimal an den Huf anpasst und den nat\u00fcrlichen Bewegungsablauf unterst\u00fctzt.<\/p>\n<p>\u2714 <strong>Flexibel anformbar<\/strong> \u2013 passt sich perfekt an den Huf an<br \/>\n\u2714 <strong>Elastische Entkopplung<\/strong> \u2013 f\u00fcr ein nat\u00fcrliches Abrollen und Schutz der Hufstruktur<br \/>\n\u2714 <strong>Sicherer Halt<\/strong> \u2013 bleibt stabil \u00fcber die gesamte Beschlagperiode<br \/>\n\u2714 <strong>Einfach in der Anwendung<\/strong> \u2013 zeitsparend und unkompliziert<br \/>\n\u2714 <strong>Vielseitig kompatibel<\/strong> \u2013 passend zu den g\u00e4ngigen Kunststoffbeschl\u00e4gen<\/p>\n<p>Mit den Perma XT Klebelaschen entscheidest du dich f\u00fcr eine durchdachte L\u00f6sung, die Haltbarkeit und Komfort vereint. Dein Pferd profitiert von einem Klebebeschlag, der den Hufmechanismus optimal unterst\u00fctzt, Gelenke schont und dabei sicher und langlebig ist.<\/p>\n<p><strong>Goodsmith Perma XT \u2013 f\u00fcr Hufe, die gesund bleiben und H\u00f6chstleistung bringen.<\/strong><\/p>\n<p>Inhalt: Klebelasche Perma XT V2 f\u00fcr einen Huf (linke und rechte Seite)<\/p>\n","protected":false},"excerpt":{"rendered":"<p>Klebelaschen Perma XT \u2013 Perfekte Verbindung f\u00fcr gesunde Hufe Die Klebelaschen Perma XT sind die ideale Erg\u00e4nzung zu den Goodsmith Grundplatten und sorgen f\u00fcr einen zuverl\u00e4ssigen und flexiblen Halt deines Klebebeschlags. Dank ihrer innovativen XT-Schicht bieten sie eine elastische Entkopplung, die sich optimal an den Huf anpasst und den nat\u00fcrlichen Bewegungsablauf unterst\u00fctzt. \u2714 Flexibel anformbar [&hellip;]<\/p>\n","protected":false},"featured_media":2528,"comment_status":"open","ping_status":"closed","template":"","meta":[],"product_brand":[],"product_cat":[15,81],"product_tag":[],"class_list":{"0":"post-2538","1":"product","2":"type-product","3":"status-publish","4":"has-post-thumbnail","6":"product_cat-pferd","7":"product_cat-zubehoer-pferd","9":"first","10":"instock","11":"taxable","12":"shipping-taxable","13":"purchasable","14":"product-type-simple"},"jetpack_sharing_enabled":true,"_links":{"self":[{"href":"https:\/\/xn--pferdundpftchen-itb.de\/woocommerce\/wp-json\/wp\/v2\/product\/2538","targetHints":{"allow":["GET"]}}],"collection":[{"href":"https:\/\/xn--pferdundpftchen-itb.de\/woocommerce\/wp-json\/wp\/v2\/product"}],"about":[{"href":"https:\/\/xn--pferdundpftchen-itb.de\/woocommerce\/wp-json\/wp\/v2\/types\/product"}],"replies":[{"embeddable":true,"href":"https:\/\/xn--pferdundpftchen-itb.de\/woocommerce\/wp-json\/wp\/v2\/comments?post=2538"}],"wp:featuredmedia":[{"embeddable":true,"href":"https:\/\/xn--pferdundpftchen-itb.de\/woocommerce\/wp-json\/wp\/v2\/media\/2528"}],"wp:attachment":[{"href":"https:\/\/xn--pferdundpftchen-itb.de\/woocommerce\/wp-json\/wp\/v2\/media?parent=2538"}],"wp:term":[{"taxonomy":"product_brand","embeddable":true,"href":"https:\/\/xn--pferdundpftchen-itb.de\/woocommerce\/wp-json\/wp\/v2\/product_brand?post=2538"},{"taxonomy":"product_cat","embeddable":true,"href":"https:\/\/xn--pferdundpftchen-itb.de\/woocommerce\/wp-json\/wp\/v2\/product_cat?post=2538"},{"taxonomy":"product_tag","embeddable":true,"href":"https:\/\/xn--pferdundpftchen-itb.de\/woocommerce\/wp-json\/wp\/v2\/product_tag?post=2538"}],"curies":[{"name":"wp","href":"https:\/\/api.w.org\/{rel}","templated":true}]}}