{"id":2539,"date":"2025-01-24T17:18:14","date_gmt":"2025-01-24T16:18:14","guid":{"rendered":"https:\/\/xn--pferdundpftchen-itb.de\/woocommerce\/?post_type=product&#038;p=2539"},"modified":"2025-01-24T17:18:14","modified_gmt":"2025-01-24T16:18:14","slug":"xt-40-pro-sekundenkleber","status":"publish","type":"product","link":"https:\/\/xn--pferdundpftchen-itb.de\/woocommerce\/produkt\/xt-40-pro-sekundenkleber\/","title":{"rendered":"XT-40 Pro Sekundenkleber"},"content":{"rendered":"<p><strong>XT-40 Pro Sekundenkleber \u2013 Der Profi-Kleber f\u00fcr perfekte Hufbeschl\u00e4ge<\/strong><\/p>\n<p>Mit dem XT-40 Pro Sekundenkleber gelingt die Befestigung deiner Perma XT Klebelaschen sicher, schnell und unkompliziert. Dieser hochwertige Klebstoff auf Acrylatbasis bindet in wenigen Sekunden ab und ist f\u00fcr alle Temperaturbereiche geeignet \u2013 ob Winter oder Sommer, der XT-40 Pro liefert stets zuverl\u00e4ssige Ergebnisse.<\/p>\n<p>\u2714 <strong>Schnelle Anwendung<\/strong> \u2013 klebt in Sekunden und spart Zeit<br \/>\n\u2714 <strong>Vielseitig einsetzbar<\/strong> \u2013 perfekt f\u00fcr Perma XT Klebelaschen und andere kunststoffbasierte Klebebeschl\u00e4ge<br \/>\n\u2714 <strong>Zuverl\u00e4ssig bei allen Temperaturen<\/strong> \u2013 ideal f\u00fcr Sommer und Winter<br \/>\n\u2714 <strong>Optimiertes Spaltf\u00fcllverm\u00f6gen<\/strong> \u2013 f\u00fcr eine perfekte Haftung auch bei unregelm\u00e4\u00dfigen Oberfl\u00e4chen<\/p>\n<p>Besonders f\u00fcr Vielkleber ist der XT-40 Pro die erste Wahl: Er bietet noch schnellere Aush\u00e4rtezeiten und sorgt daf\u00fcr, dass der Klebebeschlag sicher und stabil am Huf h\u00e4lt.<\/p>\n<p><strong>XT-40 Pro \u2013 Die Profi-L\u00f6sung f\u00fcr Klebebeschl\u00e4ge, die halten, was sie versprechen.<\/strong><\/p>\n<p>Inhalt: 20g XT-40 PRO<\/p>\n","protected":false},"excerpt":{"rendered":"<p>XT-40 Pro Sekundenkleber \u2013 Der Profi-Kleber f\u00fcr perfekte Hufbeschl\u00e4ge Mit dem XT-40 Pro Sekundenkleber gelingt die Befestigung deiner Perma XT Klebelaschen sicher, schnell und unkompliziert. Dieser hochwertige Klebstoff auf Acrylatbasis bindet in wenigen Sekunden ab und ist f\u00fcr alle Temperaturbereiche geeignet \u2013 ob Winter oder Sommer, der XT-40 Pro liefert stets zuverl\u00e4ssige Ergebnisse. \u2714 Schnelle [&hellip;]<\/p>\n","protected":false},"featured_media":2530,"comment_status":"open","ping_status":"closed","template":"","meta":[],"product_brand":[],"product_cat":[15,81],"product_tag":[],"class_list":{"0":"post-2539","1":"product","2":"type-product","3":"status-publish","4":"has-post-thumbnail","6":"product_cat-pferd","7":"product_cat-zubehoer-pferd","9":"first","10":"instock","11":"taxable","12":"shipping-taxable","13":"purchasable","14":"product-type-simple"},"jetpack_sharing_enabled":true,"_links":{"self":[{"href":"https:\/\/xn--pferdundpftchen-itb.de\/woocommerce\/wp-json\/wp\/v2\/product\/2539","targetHints":{"allow":["GET"]}}],"collection":[{"href":"https:\/\/xn--pferdundpftchen-itb.de\/woocommerce\/wp-json\/wp\/v2\/product"}],"about":[{"href":"https:\/\/xn--pferdundpftchen-itb.de\/woocommerce\/wp-json\/wp\/v2\/types\/product"}],"replies":[{"embeddable":true,"href":"https:\/\/xn--pferdundpftchen-itb.de\/woocommerce\/wp-json\/wp\/v2\/comments?post=2539"}],"wp:featuredmedia":[{"embeddable":true,"href":"https:\/\/xn--pferdundpftchen-itb.de\/woocommerce\/wp-json\/wp\/v2\/media\/2530"}],"wp:attachment":[{"href":"https:\/\/xn--pferdundpftchen-itb.de\/woocommerce\/wp-json\/wp\/v2\/media?parent=2539"}],"wp:term":[{"taxonomy":"product_brand","embeddable":true,"href":"https:\/\/xn--pferdundpftchen-itb.de\/woocommerce\/wp-json\/wp\/v2\/product_brand?post=2539"},{"taxonomy":"product_cat","embeddable":true,"href":"https:\/\/xn--pferdundpftchen-itb.de\/woocommerce\/wp-json\/wp\/v2\/product_cat?post=2539"},{"taxonomy":"product_tag","embeddable":true,"href":"https:\/\/xn--pferdundpftchen-itb.de\/woocommerce\/wp-json\/wp\/v2\/product_tag?post=2539"}],"curies":[{"name":"wp","href":"https:\/\/api.w.org\/{rel}","templated":true}]}}