{"id":2540,"date":"2025-01-24T17:22:39","date_gmt":"2025-01-24T16:22:39","guid":{"rendered":"https:\/\/xn--pferdundpftchen-itb.de\/woocommerce\/?post_type=product&#038;p=2540"},"modified":"2025-01-24T17:22:40","modified_gmt":"2025-01-24T16:22:40","slug":"xt-filler","status":"publish","type":"product","link":"https:\/\/xn--pferdundpftchen-itb.de\/woocommerce\/produkt\/xt-filler\/","title":{"rendered":"XT Filler"},"content":{"rendered":"<p><strong>XT-Filler \u2013 Perfekte Erg\u00e4nzung f\u00fcr einen l\u00fcckenlosen Halt<\/strong><\/p>\n<p>Mit dem XT-Filler schaffst du die ideale Grundlage f\u00fcr einen noch stabileren Klebebeschlag. In Kombination mit dem XT-40 Sekundenkleber hilft der XT-Filler, kleinere Spalten beim Kleben der Perma XT Laschen effektiv zu verschlie\u00dfen. So wird die Verbindung nicht nur fester, sondern auch langlebiger.<\/p>\n<p>\u2714 <strong>Optimaler Spaltenverschluss<\/strong> \u2013 f\u00fcr eine noch bessere Haftung<br \/>\n\u2714 <strong>Schutz vor \u00e4u\u00dferen Einfl\u00fcssen<\/strong> \u2013 verhindert, dass langes Gras oder Schmutz sich einscheren<br \/>\n\u2714 <strong>Einfach in der Anwendung<\/strong> \u2013 Sekundenkleber auftragen, XT-Filler auftreuen, fertig!<\/p>\n<p>Der XT-Filler sorgt daf\u00fcr, dass dein Klebebeschlag sicher sitzt und auch bei anspruchsvollen Bedingungen stabil bleibt. Die perfekte Erg\u00e4nzung f\u00fcr den professionellen Einsatz!<\/p>\n<p><strong>XT-Filler \u2013 F\u00fcr einen l\u00fcckenlosen Klebebeschlag, der jeder Herausforderung standh\u00e4lt.<\/strong><\/p>\n","protected":false},"excerpt":{"rendered":"<p>XT-Filler \u2013 Perfekte Erg\u00e4nzung f\u00fcr einen l\u00fcckenlosen Halt Mit dem XT-Filler schaffst du die ideale Grundlage f\u00fcr einen noch stabileren Klebebeschlag. In Kombination mit dem XT-40 Sekundenkleber hilft der XT-Filler, kleinere Spalten beim Kleben der Perma XT Laschen effektiv zu verschlie\u00dfen. So wird die Verbindung nicht nur fester, sondern auch langlebiger. \u2714 Optimaler Spaltenverschluss \u2013 [&hellip;]<\/p>\n","protected":false},"featured_media":2525,"comment_status":"open","ping_status":"closed","template":"","meta":[],"product_brand":[],"product_cat":[15,81],"product_tag":[],"class_list":{"0":"post-2540","1":"product","2":"type-product","3":"status-publish","4":"has-post-thumbnail","6":"product_cat-pferd","7":"product_cat-zubehoer-pferd","9":"first","10":"instock","11":"taxable","12":"shipping-taxable","13":"purchasable","14":"product-type-simple"},"jetpack_sharing_enabled":true,"_links":{"self":[{"href":"https:\/\/xn--pferdundpftchen-itb.de\/woocommerce\/wp-json\/wp\/v2\/product\/2540","targetHints":{"allow":["GET"]}}],"collection":[{"href":"https:\/\/xn--pferdundpftchen-itb.de\/woocommerce\/wp-json\/wp\/v2\/product"}],"about":[{"href":"https:\/\/xn--pferdundpftchen-itb.de\/woocommerce\/wp-json\/wp\/v2\/types\/product"}],"replies":[{"embeddable":true,"href":"https:\/\/xn--pferdundpftchen-itb.de\/woocommerce\/wp-json\/wp\/v2\/comments?post=2540"}],"wp:featuredmedia":[{"embeddable":true,"href":"https:\/\/xn--pferdundpftchen-itb.de\/woocommerce\/wp-json\/wp\/v2\/media\/2525"}],"wp:attachment":[{"href":"https:\/\/xn--pferdundpftchen-itb.de\/woocommerce\/wp-json\/wp\/v2\/media?parent=2540"}],"wp:term":[{"taxonomy":"product_brand","embeddable":true,"href":"https:\/\/xn--pferdundpftchen-itb.de\/woocommerce\/wp-json\/wp\/v2\/product_brand?post=2540"},{"taxonomy":"product_cat","embeddable":true,"href":"https:\/\/xn--pferdundpftchen-itb.de\/woocommerce\/wp-json\/wp\/v2\/product_cat?post=2540"},{"taxonomy":"product_tag","embeddable":true,"href":"https:\/\/xn--pferdundpftchen-itb.de\/woocommerce\/wp-json\/wp\/v2\/product_tag?post=2540"}],"curies":[{"name":"wp","href":"https:\/\/api.w.org\/{rel}","templated":true}]}}