{"id":2541,"date":"2025-01-24T17:25:08","date_gmt":"2025-01-24T16:25:08","guid":{"rendered":"https:\/\/xn--pferdundpftchen-itb.de\/woocommerce\/?post_type=product&#038;p=2541"},"modified":"2025-01-24T17:25:17","modified_gmt":"2025-01-24T16:25:17","slug":"handfeile","status":"publish","type":"product","link":"https:\/\/xn--pferdundpftchen-itb.de\/woocommerce\/produkt\/handfeile\/","title":{"rendered":"Handfeile"},"content":{"rendered":"<p><strong>Handfeile \u2013 Pr\u00e4zises Werkzeug f\u00fcr schnelle Reparaturen<\/strong><\/p>\n<p>Mit unserer Handfeile kannst du kleinere Reparaturen an deinen Klebebeschl\u00e4gen unkompliziert und schnell durchf\u00fchren. Sie ist speziell daf\u00fcr geeignet, gel\u00f6ste Laschenfinger und die Hufwand frisch anzuschleifen, um den Beschlag im Handumdrehen wieder sicher zu befestigen.<\/p>\n<p>\u2714 <strong>Pr\u00e4zise Anwendung<\/strong> \u2013 ideal f\u00fcr punktgenaue Reparaturarbeiten<br \/>\n\u2714 <strong>Schnell &amp; einfach<\/strong> \u2013 gel\u00f6ste Laschenfinger oder Hufw\u00e4nde im Nu auffrischen<br \/>\n\u2714 <strong>Perfekt f\u00fcr unterwegs<\/strong> \u2013 handlich und immer einsatzbereit<\/p>\n<p>Die Handfeile ist ein unverzichtbares Hilfsmittel f\u00fcr kleinere Korrekturen an den Klebelaschen und sorgt daf\u00fcr, dass der Beschlag wieder zuverl\u00e4ssig h\u00e4lt.<\/p>\n<p><strong>Handfeile \u2013 Dein praktischer Begleiter f\u00fcr Reparaturen am Hufbeschlag.<\/strong><\/p>\n","protected":false},"excerpt":{"rendered":"<p>Handfeile \u2013 Pr\u00e4zises Werkzeug f\u00fcr schnelle Reparaturen Mit unserer Handfeile kannst du kleinere Reparaturen an deinen Klebebeschl\u00e4gen unkompliziert und schnell durchf\u00fchren. Sie ist speziell daf\u00fcr geeignet, gel\u00f6ste Laschenfinger und die Hufwand frisch anzuschleifen, um den Beschlag im Handumdrehen wieder sicher zu befestigen. \u2714 Pr\u00e4zise Anwendung \u2013 ideal f\u00fcr punktgenaue Reparaturarbeiten \u2714 Schnell &amp; einfach \u2013 [&hellip;]<\/p>\n","protected":false},"featured_media":2527,"comment_status":"open","ping_status":"closed","template":"","meta":[],"product_brand":[],"product_cat":[15,81],"product_tag":[],"class_list":{"0":"post-2541","1":"product","2":"type-product","3":"status-publish","4":"has-post-thumbnail","6":"product_cat-pferd","7":"product_cat-zubehoer-pferd","9":"first","10":"instock","11":"taxable","12":"shipping-taxable","13":"purchasable","14":"product-type-simple"},"jetpack_sharing_enabled":true,"_links":{"self":[{"href":"https:\/\/xn--pferdundpftchen-itb.de\/woocommerce\/wp-json\/wp\/v2\/product\/2541","targetHints":{"allow":["GET"]}}],"collection":[{"href":"https:\/\/xn--pferdundpftchen-itb.de\/woocommerce\/wp-json\/wp\/v2\/product"}],"about":[{"href":"https:\/\/xn--pferdundpftchen-itb.de\/woocommerce\/wp-json\/wp\/v2\/types\/product"}],"replies":[{"embeddable":true,"href":"https:\/\/xn--pferdundpftchen-itb.de\/woocommerce\/wp-json\/wp\/v2\/comments?post=2541"}],"wp:featuredmedia":[{"embeddable":true,"href":"https:\/\/xn--pferdundpftchen-itb.de\/woocommerce\/wp-json\/wp\/v2\/media\/2527"}],"wp:attachment":[{"href":"https:\/\/xn--pferdundpftchen-itb.de\/woocommerce\/wp-json\/wp\/v2\/media?parent=2541"}],"wp:term":[{"taxonomy":"product_brand","embeddable":true,"href":"https:\/\/xn--pferdundpftchen-itb.de\/woocommerce\/wp-json\/wp\/v2\/product_brand?post=2541"},{"taxonomy":"product_cat","embeddable":true,"href":"https:\/\/xn--pferdundpftchen-itb.de\/woocommerce\/wp-json\/wp\/v2\/product_cat?post=2541"},{"taxonomy":"product_tag","embeddable":true,"href":"https:\/\/xn--pferdundpftchen-itb.de\/woocommerce\/wp-json\/wp\/v2\/product_tag?post=2541"}],"curies":[{"name":"wp","href":"https:\/\/api.w.org\/{rel}","templated":true}]}}