{"id":2542,"date":"2025-01-24T17:28:23","date_gmt":"2025-01-24T16:28:23","guid":{"rendered":"https:\/\/xn--pferdundpftchen-itb.de\/woocommerce\/?post_type=product&#038;p=2542"},"modified":"2025-01-24T17:28:24","modified_gmt":"2025-01-24T16:28:24","slug":"schleifpapier","status":"publish","type":"product","link":"https:\/\/xn--pferdundpftchen-itb.de\/woocommerce\/produkt\/schleifpapier\/","title":{"rendered":"Schleifpapier"},"content":{"rendered":"<p><strong>Schleifpapier \u2013 Perfekte Vorbereitung f\u00fcr einen sicheren Klebebeschlag<\/strong><\/p>\n<p>Schleifpapier, um die Hufwand optimal f\u00fcr das Bekleben vorzubereiten. Mit einer K\u00f6rnung von 120 sorgt es f\u00fcr die ideale Aufrauung, um eine maximale Haftung des Klebstoffs zu gew\u00e4hrleisten. Die praktische Gr\u00f6\u00dfe passt perfekt auf einen kleinen Handschleifblock, sodass die Anwendung schnell und pr\u00e4zise gelingt.<\/p>\n<p>\u2714 <strong>Optimale K\u00f6rnung<\/strong> \u2013 120er K\u00f6rnung f\u00fcr die perfekte Haftung<br \/>\n\u2714 <strong>Praktisches Format<\/strong> \u2013 ideal f\u00fcr einen kleinen Handschleifblock<br \/>\n\u2714 <strong>Einfach in der Anwendung<\/strong> \u2013 Hufwand schnell und gleichm\u00e4\u00dfig aufrauen<\/p>\n<p>Das Schleifpapier ist ein essenzielles Werkzeug f\u00fcr die Vorbereitung der Hufwand, damit der Klebebeschlag sicher und dauerhaft h\u00e4lt.<\/p>\n<p><strong>Schleifpapier \u2013 Die Basis f\u00fcr eine stabile Verbindung.<\/strong><\/p>\n","protected":false},"excerpt":{"rendered":"<p>Schleifpapier \u2013 Perfekte Vorbereitung f\u00fcr einen sicheren Klebebeschlag Schleifpapier, um die Hufwand optimal f\u00fcr das Bekleben vorzubereiten. Mit einer K\u00f6rnung von 120 sorgt es f\u00fcr die ideale Aufrauung, um eine maximale Haftung des Klebstoffs zu gew\u00e4hrleisten. Die praktische Gr\u00f6\u00dfe passt perfekt auf einen kleinen Handschleifblock, sodass die Anwendung schnell und pr\u00e4zise gelingt. \u2714 Optimale K\u00f6rnung [&hellip;]<\/p>\n","protected":false},"featured_media":2529,"comment_status":"open","ping_status":"closed","template":"","meta":[],"product_brand":[],"product_cat":[15,81],"product_tag":[],"class_list":{"0":"post-2542","1":"product","2":"type-product","3":"status-publish","4":"has-post-thumbnail","6":"product_cat-pferd","7":"product_cat-zubehoer-pferd","9":"first","10":"instock","11":"taxable","12":"shipping-taxable","13":"purchasable","14":"product-type-simple"},"jetpack_sharing_enabled":true,"_links":{"self":[{"href":"https:\/\/xn--pferdundpftchen-itb.de\/woocommerce\/wp-json\/wp\/v2\/product\/2542","targetHints":{"allow":["GET"]}}],"collection":[{"href":"https:\/\/xn--pferdundpftchen-itb.de\/woocommerce\/wp-json\/wp\/v2\/product"}],"about":[{"href":"https:\/\/xn--pferdundpftchen-itb.de\/woocommerce\/wp-json\/wp\/v2\/types\/product"}],"replies":[{"embeddable":true,"href":"https:\/\/xn--pferdundpftchen-itb.de\/woocommerce\/wp-json\/wp\/v2\/comments?post=2542"}],"wp:featuredmedia":[{"embeddable":true,"href":"https:\/\/xn--pferdundpftchen-itb.de\/woocommerce\/wp-json\/wp\/v2\/media\/2529"}],"wp:attachment":[{"href":"https:\/\/xn--pferdundpftchen-itb.de\/woocommerce\/wp-json\/wp\/v2\/media?parent=2542"}],"wp:term":[{"taxonomy":"product_brand","embeddable":true,"href":"https:\/\/xn--pferdundpftchen-itb.de\/woocommerce\/wp-json\/wp\/v2\/product_brand?post=2542"},{"taxonomy":"product_cat","embeddable":true,"href":"https:\/\/xn--pferdundpftchen-itb.de\/woocommerce\/wp-json\/wp\/v2\/product_cat?post=2542"},{"taxonomy":"product_tag","embeddable":true,"href":"https:\/\/xn--pferdundpftchen-itb.de\/woocommerce\/wp-json\/wp\/v2\/product_tag?post=2542"}],"curies":[{"name":"wp","href":"https:\/\/api.w.org\/{rel}","templated":true}]}}