{"id":2543,"date":"2025-01-24T17:32:08","date_gmt":"2025-01-24T16:32:08","guid":{"rendered":"https:\/\/xn--pferdundpftchen-itb.de\/woocommerce\/?post_type=product&#038;p=2543"},"modified":"2025-01-24T17:32:09","modified_gmt":"2025-01-24T16:32:09","slug":"xt-aktivatorspray","status":"publish","type":"product","link":"https:\/\/xn--pferdundpftchen-itb.de\/woocommerce\/produkt\/xt-aktivatorspray\/","title":{"rendered":"XT Aktivatorspray"},"content":{"rendered":"<p>Das XT Aktivatorspray ist die perfekte Erg\u00e4nzung f\u00fcr deine Klebebeschl\u00e4ge mit Goodsmith Produkten. Es beschleunigt die Aush\u00e4rtezeit vom Sekundenkleber und sorgt so f\u00fcr eine noch einfachere und effizientere Anwendung am Pferdehuf. Mit diesem Spray sparst du wertvolle Zeit und stellst sicher, dass der Klebebeschlag stabil und zuverl\u00e4ssig h\u00e4lt.<\/p>\n<p>\u2714 <strong>Schnellere Aush\u00e4rtung<\/strong> \u2013 spart Zeit und erleichtert die Anwendung<br \/>\n\u2714 <strong>Optimiert f\u00fcr Goodsmith XT Produkte<\/strong> \u2013 maximale Effizienz und Sicherheit<br \/>\n\u2714 <strong>Einfache Anwendung<\/strong> \u2013 nach dem Kleben mit 20 cm Abstand aufspr\u00fchen<\/p>\n<p>Der XT Aktivator ist ideal, um die Haftung zu verbessern und die Haltbarkeit des Klebebeschlags zu maximieren.<\/p>\n<p>Die praktische 150-ml-Spr\u00fchdose macht das Arbeiten noch komfortabler.<\/p>\n<p><strong>XT Aktivatorspray \u2013 F\u00fcr eine schnelle und sichere Befestigung deines Klebebeschlags.<\/strong><\/p>\n","protected":false},"excerpt":{"rendered":"<p>Das XT Aktivatorspray ist die perfekte Erg\u00e4nzung f\u00fcr deine Klebebeschl\u00e4ge mit Goodsmith Produkten. Es beschleunigt die Aush\u00e4rtezeit vom Sekundenkleber und sorgt so f\u00fcr eine noch einfachere und effizientere Anwendung am Pferdehuf. Mit diesem Spray sparst du wertvolle Zeit und stellst sicher, dass der Klebebeschlag stabil und zuverl\u00e4ssig h\u00e4lt. \u2714 Schnellere Aush\u00e4rtung \u2013 spart Zeit und [&hellip;]<\/p>\n","protected":false},"featured_media":2522,"comment_status":"open","ping_status":"closed","template":"","meta":[],"product_brand":[],"product_cat":[15,81],"product_tag":[],"class_list":{"0":"post-2543","1":"product","2":"type-product","3":"status-publish","4":"has-post-thumbnail","6":"product_cat-pferd","7":"product_cat-zubehoer-pferd","9":"first","10":"instock","11":"taxable","12":"shipping-taxable","13":"purchasable","14":"product-type-simple"},"jetpack_sharing_enabled":true,"_links":{"self":[{"href":"https:\/\/xn--pferdundpftchen-itb.de\/woocommerce\/wp-json\/wp\/v2\/product\/2543","targetHints":{"allow":["GET"]}}],"collection":[{"href":"https:\/\/xn--pferdundpftchen-itb.de\/woocommerce\/wp-json\/wp\/v2\/product"}],"about":[{"href":"https:\/\/xn--pferdundpftchen-itb.de\/woocommerce\/wp-json\/wp\/v2\/types\/product"}],"replies":[{"embeddable":true,"href":"https:\/\/xn--pferdundpftchen-itb.de\/woocommerce\/wp-json\/wp\/v2\/comments?post=2543"}],"wp:featuredmedia":[{"embeddable":true,"href":"https:\/\/xn--pferdundpftchen-itb.de\/woocommerce\/wp-json\/wp\/v2\/media\/2522"}],"wp:attachment":[{"href":"https:\/\/xn--pferdundpftchen-itb.de\/woocommerce\/wp-json\/wp\/v2\/media?parent=2543"}],"wp:term":[{"taxonomy":"product_brand","embeddable":true,"href":"https:\/\/xn--pferdundpftchen-itb.de\/woocommerce\/wp-json\/wp\/v2\/product_brand?post=2543"},{"taxonomy":"product_cat","embeddable":true,"href":"https:\/\/xn--pferdundpftchen-itb.de\/woocommerce\/wp-json\/wp\/v2\/product_cat?post=2543"},{"taxonomy":"product_tag","embeddable":true,"href":"https:\/\/xn--pferdundpftchen-itb.de\/woocommerce\/wp-json\/wp\/v2\/product_tag?post=2543"}],"curies":[{"name":"wp","href":"https:\/\/api.w.org\/{rel}","templated":true}]}}