{"id":2551,"date":"2025-01-25T11:36:51","date_gmt":"2025-01-25T10:36:51","guid":{"rendered":"https:\/\/xn--pferdundpftchen-itb.de\/woocommerce\/?post_type=product&#038;p=2551"},"modified":"2025-01-25T17:31:55","modified_gmt":"2025-01-25T16:31:55","slug":"barf-wurst-complete-pute-mit-rote-beete","status":"publish","type":"product","link":"https:\/\/xn--pferdundpftchen-itb.de\/woocommerce\/produkt\/barf-wurst-complete-pute-mit-rote-beete\/","title":{"rendered":"BARF-Wurst Complete (verschiedene Sorten)"},"content":{"rendered":"<p>BARF-W\u00fcrste \u2013 Nat\u00fcrlicher Genuss f\u00fcr deinen Hund<\/p>\n<p>Unsere BARF-W\u00fcrste sind die perfekte Kombination aus hochwertigem Fleisch und gesunden Innereien \u2013 ganz ohne Zus\u00e4tze, Konservierungsmittel oder Geschmacksverst\u00e4rker. Ob als Belohnung zwischendurch, Hauptmahlzeit oder praktischer Snack f\u00fcr unterwegs: Mit unseren BARF-W\u00fcrsten g\u00f6nnst du deinem Hund eine nat\u00fcrliche und gesunde Ern\u00e4hrung, die ihm schmeckt und gut tut.<\/p>\n<p>\u2714 Hochwertige Zutaten \u2013 nur bestes Fleisch und gesunde Innereien<br \/>\n\u2714 Frei von Zus\u00e4tzen \u2013 keine Konservierungsmittel oder Geschmacksverst\u00e4rker<br \/>\n\u2714 Vielseitig einsetzbar \u2013 ideal als Hauptmahlzeit oder Snack f\u00fcr unterwegs<br \/>\n\u2714 Nat\u00fcrlich und gesund \u2013 f\u00fcr eine artgerechte Ern\u00e4hrung<\/p>\n<p>Gib deinem Hund das Beste aus der Natur \u2013 mit den BARF-W\u00fcrsten, die pure Frische und Qualit\u00e4t vereinen.<\/p>\n<p>BARF-W\u00fcrste \u2013 Nat\u00fcrlich lecker, einfach praktisch.<\/p>\n<p>Inhalt: 400g<\/p>\n<p>Zusammensetzung:<\/p>\n<p>Pferd pur:\u00a0 50 % Pferdefleisch, 20 % Pferdelunge, 20 % Pferdeherz, 10 % Pferdeleber<\/p>\n<p>Pute mit rote Beete: 49,8% frisches Putenfleisch, 15% frisches Putenherz, 15% frischer Putenmagen, 6% Putenh\u00e4lse, 5% Putenleber, 6% Rote Beete, 3% Pfirsich, 0,2% Aloe Vera.<\/p>\n<p>Rind mit Karotte: 34,8% frisches Muskelfleisch vom Rind, 17% frische Rinderlunge, 14% frisches Rinderherz, 14% frische Rinderniere, 5% Karotten, 6% frischer Rinderpansen, 6% frische Rinderleber, 3% Birnen, 0,2% Gr\u00fcnlippmeermuschelextrakt.<\/p>\n<p>Lachs und Rind mit Karotte: 31% Lachs, 29% Rindfleisch, 15% Rinderherz, 12,5% Karotten, 5% Rinderleber, 2% K\u00fcrbis, 2% Eierschalen, 2% Spirulina, 1,5% Kokosflocken.<\/p>\n<p>Lamm mit Hirse: 91 % Lamm (50 % Lammfleisch, 20 % Lammlunge, 20 % Lammpansen, 1 % Lammleber), 4 % Hirse, 3 % Zucchini, 2 % Apfel.<\/p>\n<p>F\u00fctterungsempfehlung:<br \/>\nJunghund bis 8. Monat ca. 4 &#8211; 5 % des K\u00f6rpergewichts<br \/>\nHund bis 15kg ca. 2 &#8211; 3 % des K\u00f6rpergewichts<br \/>\nHund zwischen 15 &#8211; 30kg ca. 2 &#8211; 2,5 % des K\u00f6rpergewichts<br \/>\nHund ab 30kg ca. 2 &#8211; 2,5 % des K\u00f6rpergewichts<\/p>\n","protected":false},"excerpt":{"rendered":"<p>BARF-W\u00fcrste \u2013 Nat\u00fcrlicher Genuss f\u00fcr deinen Hund Unsere BARF-W\u00fcrste sind die perfekte Kombination aus hochwertigem Fleisch und gesunden Innereien \u2013 ganz ohne Zus\u00e4tze, Konservierungsmittel oder Geschmacksverst\u00e4rker. Ob als Belohnung zwischendurch, Hauptmahlzeit oder praktischer Snack f\u00fcr unterwegs: Mit unseren BARF-W\u00fcrsten g\u00f6nnst du deinem Hund eine nat\u00fcrliche und gesunde Ern\u00e4hrung, die ihm schmeckt und gut tut. \u2714 [&hellip;]<\/p>\n","protected":false},"featured_media":2549,"comment_status":"open","ping_status":"closed","template":"","meta":[],"product_brand":[],"product_cat":[20,27,68],"product_tag":[],"class_list":{"0":"post-2551","1":"product","2":"type-product","3":"status-publish","4":"has-post-thumbnail","6":"product_cat-hund","7":"product_cat-grundversorgung","8":"product_cat-leckerlies-snacks-hund","10":"first","11":"instock","12":"taxable","13":"shipping-taxable","14":"purchasable","15":"product-type-variable"},"jetpack_sharing_enabled":true,"_links":{"self":[{"href":"https:\/\/xn--pferdundpftchen-itb.de\/woocommerce\/wp-json\/wp\/v2\/product\/2551","targetHints":{"allow":["GET"]}}],"collection":[{"href":"https:\/\/xn--pferdundpftchen-itb.de\/woocommerce\/wp-json\/wp\/v2\/product"}],"about":[{"href":"https:\/\/xn--pferdundpftchen-itb.de\/woocommerce\/wp-json\/wp\/v2\/types\/product"}],"replies":[{"embeddable":true,"href":"https:\/\/xn--pferdundpftchen-itb.de\/woocommerce\/wp-json\/wp\/v2\/comments?post=2551"}],"wp:featuredmedia":[{"embeddable":true,"href":"https:\/\/xn--pferdundpftchen-itb.de\/woocommerce\/wp-json\/wp\/v2\/media\/2549"}],"wp:attachment":[{"href":"https:\/\/xn--pferdundpftchen-itb.de\/woocommerce\/wp-json\/wp\/v2\/media?parent=2551"}],"wp:term":[{"taxonomy":"product_brand","embeddable":true,"href":"https:\/\/xn--pferdundpftchen-itb.de\/woocommerce\/wp-json\/wp\/v2\/product_brand?post=2551"},{"taxonomy":"product_cat","embeddable":true,"href":"https:\/\/xn--pferdundpftchen-itb.de\/woocommerce\/wp-json\/wp\/v2\/product_cat?post=2551"},{"taxonomy":"product_tag","embeddable":true,"href":"https:\/\/xn--pferdundpftchen-itb.de\/woocommerce\/wp-json\/wp\/v2\/product_tag?post=2551"}],"curies":[{"name":"wp","href":"https:\/\/api.w.org\/{rel}","templated":true}]}}