{"id":668,"date":"2023-04-18T21:24:25","date_gmt":"2023-04-18T19:24:25","guid":{"rendered":"https:\/\/xn--pferdundpftchen-itb.de\/woocommerce\/?post_type=product&#038;p=668"},"modified":"2025-01-12T18:46:52","modified_gmt":"2025-01-12T17:46:52","slug":"30-kraeutergarten","status":"publish","type":"product","link":"https:\/\/xn--pferdundpftchen-itb.de\/woocommerce\/produkt\/30-kraeutergarten\/","title":{"rendered":"30 Kr\u00e4utergarten"},"content":{"rendered":"<h3><strong>30 Kr\u00e4utergarten \u2013 Nat\u00fcrliche Kr\u00e4utermischung f\u00fcr Hunde<\/strong><\/h3>\n<p><strong>30 Heil- und Gew\u00fcrzkr\u00e4uter<\/strong> in perfekter Balance liefern eine einzigartige Vielfalt an sekund\u00e4ren Pflanzenstoffen, darunter:<\/p>\n<ul>\n<li><strong>Nat\u00fcrliche Antioxidantien<\/strong> zum Schutz der Zellen,<\/li>\n<li><strong>Enzyme<\/strong> f\u00fcr eine optimale Verdauung,<\/li>\n<li><strong>\u00c4therische \u00d6le<\/strong> mit wohltuenden Eigenschaften,<\/li>\n<li>und <strong>Ballaststoffe<\/strong> f\u00fcr eine gesunde Darmfunktion.<\/li>\n<\/ul>\n<p><strong>Vorteile im \u00dcberblick:<\/strong><\/p>\n<ul>\n<li>Regt die Sekretion der Verdauungss\u00e4fte an und f\u00f6rdert eine effiziente Nahrungsverwertung.<\/li>\n<li>Unterst\u00fctzt die Darmflora und sorgt f\u00fcr ein ausgeglichenes Verdauungssystem.<\/li>\n<li>Stabilisiert das Immunsystem und tr\u00e4gt zu mehr Vitalit\u00e4t bei.<\/li>\n<\/ul>\n<p>Mit <strong>30 Kr\u00e4utergarten<\/strong> erh\u00e4lt dein Hund eine nat\u00fcrliche Unterst\u00fctzung f\u00fcr Gesundheit, Wohlbefinden und Lebensfreude.<\/p>\n<p>Zusammensetzung: Zu gleichen Teilen Anis, Arnika, Birkenbl\u00e4tter, Brennnessel, Buchweizenkraut, Ehrenpreis, Eisenkraut, Fenchel, Frauenmantel, Ginkgo, Hagebutte, Kamille, Kn\u00f6terich, K\u00f6nigskerze, Koriander, K\u00fcmmel, Labkraut, Lindenbl\u00fcten, L\u00f6wenzahn, Melisse, Minze, Origanum, Ringelblume, Schafgarbe, Spitzwegerich, Stiefm\u00fctterchen, Thymian, Weidenr\u00f6schen, Wei\u00dfdorn, Zinnkraut.<\/p>\n<p>F\u00fctterungsempfehlung:<br \/>\nHunde bis 5 kg erhalten t\u00e4glich 2 g mit dem Futter.<br \/>\nSchwerere Hunde je weitere 10 kg Gewicht zus\u00e4tzliche 3 g.<br \/>\nDer kleine Messl\u00f6ffel fasst geh\u00e4uft 1 g, der gro\u00dfe geh\u00e4uft 3 g.<\/p>\n","protected":false},"excerpt":{"rendered":"<p>30 Kr\u00e4utergarten \u2013 Nat\u00fcrliche Kr\u00e4utermischung f\u00fcr Hunde 30 Heil- und Gew\u00fcrzkr\u00e4uter in perfekter Balance liefern eine einzigartige Vielfalt an sekund\u00e4ren Pflanzenstoffen, darunter: Nat\u00fcrliche Antioxidantien zum Schutz der Zellen, Enzyme f\u00fcr eine optimale Verdauung, \u00c4therische \u00d6le mit wohltuenden Eigenschaften, und Ballaststoffe f\u00fcr eine gesunde Darmfunktion. Vorteile im \u00dcberblick: Regt die Sekretion der Verdauungss\u00e4fte an und f\u00f6rdert [&hellip;]<\/p>\n","protected":false},"featured_media":686,"comment_status":"open","ping_status":"closed","template":"","meta":[],"product_brand":[],"product_cat":[27,30,29,28],"product_tag":[],"class_list":{"0":"post-668","1":"product","2":"type-product","3":"status-publish","4":"has-post-thumbnail","6":"product_cat-grundversorgung","7":"product_cat-zaehne-maul","8":"product_cat-immunsystem","9":"product_cat-magen-verdauung","11":"first","12":"instock","13":"taxable","14":"shipping-taxable","15":"purchasable","16":"product-type-variable"},"jetpack_sharing_enabled":true,"_links":{"self":[{"href":"https:\/\/xn--pferdundpftchen-itb.de\/woocommerce\/wp-json\/wp\/v2\/product\/668","targetHints":{"allow":["GET"]}}],"collection":[{"href":"https:\/\/xn--pferdundpftchen-itb.de\/woocommerce\/wp-json\/wp\/v2\/product"}],"about":[{"href":"https:\/\/xn--pferdundpftchen-itb.de\/woocommerce\/wp-json\/wp\/v2\/types\/product"}],"replies":[{"embeddable":true,"href":"https:\/\/xn--pferdundpftchen-itb.de\/woocommerce\/wp-json\/wp\/v2\/comments?post=668"}],"wp:featuredmedia":[{"embeddable":true,"href":"https:\/\/xn--pferdundpftchen-itb.de\/woocommerce\/wp-json\/wp\/v2\/media\/686"}],"wp:attachment":[{"href":"https:\/\/xn--pferdundpftchen-itb.de\/woocommerce\/wp-json\/wp\/v2\/media?parent=668"}],"wp:term":[{"taxonomy":"product_brand","embeddable":true,"href":"https:\/\/xn--pferdundpftchen-itb.de\/woocommerce\/wp-json\/wp\/v2\/product_brand?post=668"},{"taxonomy":"product_cat","embeddable":true,"href":"https:\/\/xn--pferdundpftchen-itb.de\/woocommerce\/wp-json\/wp\/v2\/product_cat?post=668"},{"taxonomy":"product_tag","embeddable":true,"href":"https:\/\/xn--pferdundpftchen-itb.de\/woocommerce\/wp-json\/wp\/v2\/product_tag?post=668"}],"curies":[{"name":"wp","href":"https:\/\/api.w.org\/{rel}","templated":true}]}}